{"id":646,"date":"2025-05-13T16:50:49","date_gmt":"2025-05-13T16:50:49","guid":{"rendered":"https:\/\/paseo60.es\/?page_id=646"},"modified":"2025-05-13T16:50:49","modified_gmt":"2025-05-13T16:50:49","slug":"legal-notice","status":"publish","type":"page","link":"https:\/\/paseo60.es\/it\/legal-notice\/","title":{"rendered":"Avviso legale"},"content":{"rendered":"<h2 class=\"wp-block-heading\" data-start=\"239\" data-end=\"258\"><strong data-start=\"242\" data-end=\"258\">Avviso legale<\/strong><\/h2>\r\n<h3 class=\"\" data-start=\"260\" data-end=\"284\"><strong data-start=\"264\" data-end=\"284\">1. Proprietario del sito web<\/strong><\/h3>\r\n<p class=\"\" data-start=\"286\" data-end=\"451\">In conformit\u00e0 con quanto disposto dalla Legge 34\/2002 sui Servizi della Societ\u00e0 dell&#039;Informazione e del Commercio Elettronico (LSSI-CE), si informano gli utenti che questo sito web \u00e8 di propriet\u00e0 di:<\/p>\r\n<ul data-start=\"453\" data-end=\"693\">\r\n<li class=\"\" data-start=\"453\" data-end=\"483\">\r\n<p class=\"\" data-start=\"455\" data-end=\"483\"><strong data-start=\"455\" data-end=\"472\">Nome dell&#039;azienda<\/strong>: Paseo60<\/p>\r\n<\/li>\r\n<li class=\"\" data-start=\"484\" data-end=\"547\">\r\n<p class=\"\" data-start=\"486\" data-end=\"547\"><strong data-start=\"486\" data-end=\"508\">Indirizzo registrato<\/strong>: Passeig Mar\u00edtim Binib\u00e8quer Vel, 60, 07711 Binibequer, Illes Balears<\/p>\r\n<\/li>\r\n<li class=\"\" data-start=\"548\" data-end=\"594\">\r\n<p class=\"\" data-start=\"550\" data-end=\"594\"><strong data-start=\"550\" data-end=\"559\">E-mail<\/strong>: tastingmenorca@gmail.com<\/p>\r\n<\/li>\r\n<li class=\"\" data-start=\"595\" data-end=\"631\">\r\n<p class=\"\" data-start=\"597\" data-end=\"631\"><strong data-start=\"597\" data-end=\"606\">Telefono<\/strong>: <a href=\"tel:+34646 67 25 03\">(+34) 646 67 25 03<\/a><\/p>\r\n<\/li>\r\n<\/ul>\r\n<hr class=\"\" data-start=\"695\" data-end=\"698\" \/>\r\n<h3 class=\"\" data-start=\"700\" data-end=\"733\"><strong data-start=\"704\" data-end=\"733\">2. Scopo del sito web<\/strong><\/h3>\r\n<p class=\"\" data-start=\"735\" data-end=\"936\">Lo scopo del sito web <strong data-start=\"762\" data-end=\"780\"><a class=\"\" href=\"https:\/\/paseo60.es\/it\/\" target=\"_new\" rel=\"noopener\" data-start=\"764\" data-end=\"778\">www.paseo60.es<\/a><\/strong> \u00e8 quello di fornire informazioni sul nostro ristorante, compresi menu, orari di apertura e ubicazione, e di facilitare l&#039;ordinazione di cibo online e i servizi da asporto.<\/p>\r\n<hr class=\"\" data-start=\"938\" data-end=\"941\" \/>\r\n<h3 class=\"\" data-start=\"943\" data-end=\"966\"><strong data-start=\"947\" data-end=\"966\">3. Termini di utilizzo<\/strong><\/h3>\r\n<p class=\"\" data-start=\"968\" data-end=\"1218\">Accedendo e utilizzando questo sito web, l&#039;utente accetta di utilizzarlo nel rispetto della legge, della buona fede e dell&#039;ordine pubblico. L&#039;utente accetta di non utilizzare il sito web per scopi illeciti o in qualsiasi modo che possa danneggiare o interferire con il normale funzionamento del sito.<\/p>\r\n<hr class=\"\" data-start=\"1220\" data-end=\"1223\" \/>\r\n<h3 class=\"\" data-start=\"1225\" data-end=\"1272\"><strong data-start=\"1229\" data-end=\"1272\">4. Propriet\u00e0 intellettuale e industriale<\/strong><\/h3>\r\n<p class=\"\" data-start=\"1274\" data-end=\"1669\">Tutti i contenuti di questo sito web, inclusi, a titolo esemplificativo ma non esaustivo, testi, fotografie, loghi, icone, immagini, design, codice sorgente e software, sono di propriet\u00e0 di Paseo60 o concessi in licenza a noi. Sono protetti dalla legislazione vigente in materia di propriet\u00e0 intellettuale e industriale. Gli utenti possono utilizzare i contenuti solo per scopi personali e non commerciali. Qualsiasi altro utilizzo richiede il previo consenso scritto di Paseo60.<\/p>\r\n<hr class=\"\" data-start=\"1671\" data-end=\"1674\" \/>\r\n<h3 class=\"\" data-start=\"1676\" data-end=\"1701\"><strong data-start=\"1680\" data-end=\"1701\">5. Responsabilit\u00e0<\/strong><\/h3>\r\n<p class=\"\" data-start=\"1703\" data-end=\"1887\">Paseo60 non \u00e8 responsabile per eventuali danni o perdite che potrebbero derivare dall&#039;utilizzo di questo sito web, compresi errori od omissioni nel contenuto o mancanza di disponibilit\u00e0 del sito web.<\/p>\r\n<p class=\"\" data-start=\"1889\" data-end=\"2004\">Ci riserviamo il diritto di aggiornare, modificare o eliminare le informazioni presenti su questo sito web in qualsiasi momento e senza preavviso.<\/p>\r\n<hr class=\"\" data-start=\"2006\" data-end=\"2009\" \/>\r\n<h3 class=\"\" data-start=\"2011\" data-end=\"2044\"><strong data-start=\"2015\" data-end=\"2044\">6. Collegamenti a terze parti<\/strong><\/h3>\r\n<p class=\"\" data-start=\"2046\" data-end=\"2298\">Questo sito web potrebbe contenere link a siti web di terze parti. Paseo60 non ha alcun controllo sul contenuto o sulle pratiche di questi siti web e non si assume alcuna responsabilit\u00e0 per essi. L&#039;inclusione di tali link non implica alcuna associazione o approvazione da parte di Paseo60.<\/p>\r\n<hr class=\"\" data-start=\"2300\" data-end=\"2303\" \/>\r\n<h3 class=\"\" data-start=\"2305\" data-end=\"2347\"><strong data-start=\"2309\" data-end=\"2347\">7. Legge applicabile e giurisdizione<\/strong><\/h3>\r\n<p class=\"\" data-start=\"2349\" data-end=\"2559\">Il presente Avviso Legale \u00e8 regolato e interpretato in conformit\u00e0 con la legge spagnola. Qualsiasi controversia derivante dall&#039;utilizzo di questo sito web sar\u00e0 soggetta alla giurisdizione dei tribunali di Minorca, Spagna.<\/p>\r\n<hr class=\"\" data-start=\"2561\" data-end=\"2564\" \/>\r\n<h3 class=\"\" data-start=\"2566\" data-end=\"2584\"><strong data-start=\"2570\" data-end=\"2584\">8. Contatto<\/strong><\/h3>\r\n<p class=\"\" data-start=\"2895\" data-end=\"2981\">Per qualsiasi domanda riguardante la presente nota legale, contattateci a:<\/p>\r\n<ul data-start=\"2983\" data-end=\"3072\">\r\n<li class=\"\" data-start=\"2983\" data-end=\"3020\">\r\n<p class=\"\" data-start=\"2985\" data-end=\"3020\"><strong data-start=\"2985\" data-end=\"2994\">E-mail<\/strong>: tastingmenorca@gmail.com<\/p>\r\n<\/li>\r\n<li class=\"\" data-start=\"3021\" data-end=\"3072\">\r\n<p class=\"\" data-start=\"3023\" data-end=\"3072\"><strong data-start=\"3023\" data-end=\"3034\">Indirizzo<\/strong>: Passeig Mar\u00edtim Binib\u00e8quer Vel, 60, 07711 Binibequer, Illes Balears<\/p>\r\n<\/li>\r\n<\/ul>","protected":false},"excerpt":{"rendered":"<p>Legal Notice 1. Website Owner In accordance with the provisions  [...]<\/p>","protected":false},"author":2,"featured_media":0,"parent":0,"menu_order":0,"comment_status":"closed","ping_status":"open","template":"","meta":{"_monsterinsights_skip_tracking":false,"_monsterinsights_sitenote_active":false,"_monsterinsights_sitenote_note":"","_monsterinsights_sitenote_category":0,"footnotes":""},"class_list":["post-646","page","type-page","status-publish","hentry"],"_links":{"self":[{"href":"https:\/\/paseo60.es\/it\/wp-json\/wp\/v2\/pages\/646","targetHints":{"allow":["GET"]}}],"collection":[{"href":"https:\/\/paseo60.es\/it\/wp-json\/wp\/v2\/pages"}],"about":[{"href":"https:\/\/paseo60.es\/it\/wp-json\/wp\/v2\/types\/page"}],"author":[{"embeddable":true,"href":"https:\/\/paseo60.es\/it\/wp-json\/wp\/v2\/users\/2"}],"replies":[{"embeddable":true,"href":"https:\/\/paseo60.es\/it\/wp-json\/wp\/v2\/comments?post=646"}],"version-history":[{"count":2,"href":"https:\/\/paseo60.es\/it\/wp-json\/wp\/v2\/pages\/646\/revisions"}],"predecessor-version":[{"id":648,"href":"https:\/\/paseo60.es\/it\/wp-json\/wp\/v2\/pages\/646\/revisions\/648"}],"wp:attachment":[{"href":"https:\/\/paseo60.es\/it\/wp-json\/wp\/v2\/media?parent=646"}],"curies":[{"name":"parola chiave","href":"https:\/\/api.w.org\/{rel}","templated":true}]}}