{"id":541,"date":"2025-03-20T10:00:05","date_gmt":"2025-03-20T10:00:05","guid":{"rendered":"https:\/\/paseo60.es\/?page_id=541"},"modified":"2025-10-13T11:40:22","modified_gmt":"2025-10-13T09:40:22","slug":"home-2025","status":"publish","type":"page","link":"https:\/\/paseo60.es\/it\/","title":{"rendered":"Casa"},"content":{"rendered":"<p><div class=\"fusion-fullwidth fullwidth-box fusion-builder-row-1 fusion-flex-container has-pattern-background has-mask-background nonhundred-percent-fullwidth non-hundred-percent-height-scrolling\" style=\"--awb-background-repeat:repeat;--awb-border-radius-top-left:0px;--awb-border-radius-top-right:0px;--awb-border-radius-bottom-right:0px;--awb-border-radius-bottom-left:0px;--awb-padding-top:40px;--awb-padding-right:20px;--awb-padding-bottom:30px;--awb-padding-left:20px;--awb-margin-top-small:10px;--awb-margin-bottom-small:10px;--awb-background-image:linear-gradient(180deg, #81d9cd 0%,#2faa9b 100%);--awb-flex-wrap:wrap;\" ><div class=\"fusion-builder-row fusion-row fusion-flex-align-items-flex-start fusion-flex-content-wrap\" style=\"max-width:1248px;margin-left: calc(-4% \/ 2 );margin-right: calc(-4% \/ 2 );\"><div class=\"fusion-layout-column fusion_builder_column fusion-builder-column-0 fusion_builder_column_1_1 1_1 fusion-flex-column\" style=\"--awb-bg-size:cover;--awb-width-large:100%;--awb-margin-top-large:0px;--awb-spacing-right-large:1.92%;--awb-margin-bottom-large:20px;--awb-spacing-left-large:1.92%;--awb-width-medium:100%;--awb-order-medium:0;--awb-spacing-right-medium:1.92%;--awb-spacing-left-medium:1.92%;--awb-width-small:100%;--awb-order-small:0;--awb-spacing-right-small:1.92%;--awb-spacing-left-small:1.92%;\"><div class=\"fusion-column-wrapper fusion-column-has-shadow fusion-flex-justify-content-flex-start fusion-content-layout-column\"><div style=\"text-align:center;\"><a class=\"fusion-button button-flat button-large button-custom fusion-button-default button-1 fusion-button-default-span\" style=\"--button_accent_color:var(--awb-color6);--button_border_color:var(--awb-color4);--button_accent_hover_color:var(--awb-color1);--button_border_hover_color:var(--awb-color1);--button_gradient_top_color:var(--awb-color3);--button_gradient_bottom_color:var(--awb-color3);--button_gradient_top_color_hover:hsla(var(--awb-color5-h),calc(var(--awb-color5-s) - 5%),calc(var(--awb-color5-l) - 10%),var(--awb-color5-a));--button_gradient_bottom_color_hover:hsla(var(--awb-color5-h),calc(var(--awb-color5-s) - 5%),calc(var(--awb-color5-l) - 10%),var(--awb-color5-a));--button_typography-font-family:&quot;Inter&quot;;--button_typography-font-style:normal;--button_typography-font-weight:400;--button_margin-top:10px;--button_margin-right:auto;--button_margin-bottom:30px;--button_margin-left:auto;\" target=\"_self\" href=\"https:\/\/paseo60.es\/it\/the-menu-at-paseo-60\/\"><i class=\"fa-bars fas awb-button__icon awb-button__icon--default button-icon-left\" aria-hidden=\"true\"><\/i><span class=\"fusion-button-text awb-button__text awb-button__text--default\">visualizza men\u00f9<\/span><\/a><\/div><div class=\"fusion-title title fusion-title-1 fusion-sep-none fusion-title-center fusion-title-text fusion-title-size-one\" style=\"--awb-text-color:var(--awb-color3);--awb-font-size:72px;\"><h1 class=\"fusion-title-heading title-heading-center\" style=\"font-family:&quot;hello-bloomie-script&quot;;font-style:normal;font-weight:400;margin:0;font-size:1em;\"><span style=\"color: #fffde7;\"><strong data-start=\"673\" data-end=\"698\">Chiuso per la stagione<\/strong><\/span><\/h1><\/div>\n<div class=\"fusion-text fusion-text-1\"><h3 style=\"text-align: center;\"><span style=\"color: #fffde7;\">Grazie per i ricordi!<\/span><\/h3>\n<p style=\"text-align: center;\"><span style=\"color: #fffde7;\"><strong> \ud83c\udf79 Paseo60 riaprir\u00e0 nel 2026: ci vediamo allora per ancora sole, cocktail e momenti piacevoli.<\/strong> \ud83c\udf79<\/span><\/p>\n<\/div>\n<div class=\"fusion-separator fusion-full-width-sep\" style=\"align-self: center;margin-left: auto;margin-right: auto;width:100%;\"><div class=\"fusion-separator-border sep-double\" style=\"--awb-height:20px;--awb-amount:20px;border-color:var(--awb-color3);border-top-width:1px;border-bottom-width:1px;\"><\/div><\/div>\n<div class=\"fusion-title title fusion-title-2 fusion-sep-none fusion-title-center fusion-title-text fusion-title-size-one\" style=\"--awb-text-color:var(--awb-color3);--awb-font-size:72px;\"><h1 class=\"fusion-title-heading title-heading-center\" style=\"font-family:&quot;hello-bloomie-script&quot;;font-style:normal;font-weight:400;margin:0;font-size:1em;\">Benvenuti a Paseo60<\/h1><\/div><div class=\"fusion-text fusion-text-2\"><h3 style=\"text-align: center;\"><span style=\"color: #fffdee;\">Il tuo posto locale per cibo, bevande e buone vibrazioni natalizie<\/span><\/h3>\n<p style=\"text-align: center;\"><span style=\"color: #fffdee;\">Cerchi il miglior cibo da asporto a Binebeca o un posto fantastico dove mangiare un boccone con gli amici? Paseo60 \u00e8 la tua destinazione ideale per pasti e bevande freschi e saporiti, serviti con praticit\u00e0 e stile. Che tu voglia mangiare sul posto o ordinare cibo da asporto, abbiamo la soluzione che fa per te.<\/span><\/p>\n<p style=\"text-align: center;\"><span style=\"color: #fffdee;\">Il nostro men\u00f9 \u00e8 ricco di specialit\u00e0 locali, dalle pizze gourmet, ai succulenti hamburger, alle paste cremose, alle poke bowl, ai frullati e ai cocktail artigianali, fino alle nostre famose offerte speciali Paseo60.<\/span><\/p>\n<\/div><\/div><\/div><\/div><\/div><div class=\"fusion-fullwidth fullwidth-box fusion-builder-row-2 fusion-flex-container has-pattern-background has-mask-background fusion-parallax-none nonhundred-percent-fullwidth non-hundred-percent-height-scrolling\" style=\"--awb-background-repeat:repeat;--awb-border-radius-top-left:0px;--awb-border-radius-top-right:0px;--awb-border-radius-bottom-right:0px;--awb-border-radius-bottom-left:0px;--awb-background-image:url(&quot;https:\/\/paseo60.es\/wp-content\/uploads\/2025\/03\/paseo-60-grain-background.jpg&quot;);--awb-flex-wrap:wrap;\" ><div class=\"fusion-builder-row fusion-row fusion-flex-align-items-center fusion-flex-content-wrap\" style=\"max-width:1248px;margin-left: calc(-4% \/ 2 );margin-right: calc(-4% \/ 2 );\"><div class=\"fusion-layout-column fusion_builder_column fusion-builder-column-1 fusion_builder_column_1_1 1_1 fusion-flex-column\" style=\"--awb-bg-size:cover;--awb-width-large:100%;--awb-margin-top-large:0px;--awb-spacing-right-large:1.92%;--awb-margin-bottom-large:20px;--awb-spacing-left-large:1.92%;--awb-width-medium:100%;--awb-order-medium:0;--awb-spacing-right-medium:1.92%;--awb-spacing-left-medium:1.92%;--awb-width-small:100%;--awb-order-small:0;--awb-spacing-right-small:1.92%;--awb-spacing-left-small:1.92%;\"><div class=\"fusion-column-wrapper fusion-column-has-shadow fusion-flex-justify-content-flex-start fusion-content-layout-column\"><div class=\"fusion-builder-row fusion-builder-row-inner fusion-row fusion-flex-align-items-center fusion-flex-content-wrap\" style=\"width:104% !important;max-width:104% !important;margin-left: calc(-4% \/ 2 );margin-right: calc(-4% \/ 2 );\"><div class=\"fusion-layout-column fusion_builder_column_inner fusion-builder-nested-column-0 fusion_builder_column_inner_1_2 1_2 fusion-flex-column\" style=\"--awb-bg-size:cover;--awb-width-large:50%;--awb-margin-top-large:0px;--awb-spacing-right-large:3.84%;--awb-margin-bottom-large:20px;--awb-spacing-left-large:3.84%;--awb-width-medium:50%;--awb-order-medium:0;--awb-spacing-right-medium:3.84%;--awb-spacing-left-medium:3.84%;--awb-width-small:100%;--awb-order-small:0;--awb-spacing-right-small:1.92%;--awb-spacing-left-small:1.92%;\"><div class=\"fusion-column-wrapper fusion-column-has-shadow fusion-flex-justify-content-flex-start fusion-content-layout-column\"><div class=\"fusion-image-element\" style=\"text-align:center;--awb-caption-title-font-family:var(--h2_typography-font-family);--awb-caption-title-font-weight:var(--h2_typography-font-weight);--awb-caption-title-font-style:var(--h2_typography-font-style);--awb-caption-title-size:var(--h2_typography-font-size);--awb-caption-title-transform:var(--h2_typography-text-transform);--awb-caption-title-line-height:var(--h2_typography-line-height);--awb-caption-title-letter-spacing:var(--h2_typography-letter-spacing);\"><span class=\"fusion-imageframe imageframe-none imageframe-1 hover-type-none\"><img decoding=\"async\" width=\"200\" height=\"200\" alt=\"Takeaway at Paseo60\" title=\"icona-da-asporto\" src=\"https:\/\/paseo60.es\/wp-content\/uploads\/2025\/03\/take-away-icon-200x200.png\" class=\"img-responsive wp-image-553\" srcset=\"https:\/\/paseo60.es\/wp-content\/uploads\/2025\/03\/take-away-icon-200x200.png 200w, https:\/\/paseo60.es\/wp-content\/uploads\/2025\/03\/take-away-icon-400x400.png 400w, https:\/\/paseo60.es\/wp-content\/uploads\/2025\/03\/take-away-icon-600x600.png 600w, https:\/\/paseo60.es\/wp-content\/uploads\/2025\/03\/take-away-icon.png 800w\" sizes=\"(max-width: 640px) 100vw, 600px\" \/><\/span><\/div><div class=\"fusion-title title fusion-title-3 fusion-sep-none fusion-title-center fusion-title-text fusion-title-size-three\" style=\"--awb-text-color:var(--awb-color7);\"><h3 class=\"fusion-title-heading title-heading-center\" style=\"font-family:&quot;buendia&quot;;font-style:italic;font-weight:400;margin:0;\"><a href=\"https:\/\/paseo60.es\/it\/takeaway\/\" class=\"awb-custom-text-color awb-custom-text-hover-color\" target=\"_self\">Porta via<\/a><\/h3><\/div><\/div><\/div><div class=\"fusion-layout-column fusion_builder_column_inner fusion-builder-nested-column-1 fusion_builder_column_inner_1_2 1_2 fusion-flex-column\" style=\"--awb-bg-size:cover;--awb-width-large:50%;--awb-margin-top-large:0px;--awb-spacing-right-large:3.84%;--awb-margin-bottom-large:20px;--awb-spacing-left-large:3.84%;--awb-width-medium:50%;--awb-order-medium:0;--awb-spacing-right-medium:3.84%;--awb-spacing-left-medium:3.84%;--awb-width-small:100%;--awb-order-small:0;--awb-spacing-right-small:1.92%;--awb-spacing-left-small:1.92%;\"><div class=\"fusion-column-wrapper fusion-column-has-shadow fusion-flex-justify-content-flex-start fusion-content-layout-column\"><div class=\"fusion-image-element\" style=\"text-align:center;--awb-caption-title-font-family:var(--h2_typography-font-family);--awb-caption-title-font-weight:var(--h2_typography-font-weight);--awb-caption-title-font-style:var(--h2_typography-font-style);--awb-caption-title-size:var(--h2_typography-font-size);--awb-caption-title-transform:var(--h2_typography-text-transform);--awb-caption-title-line-height:var(--h2_typography-line-height);--awb-caption-title-letter-spacing:var(--h2_typography-letter-spacing);\"><span class=\"fusion-imageframe imageframe-none imageframe-2 hover-type-none\"><img decoding=\"async\" width=\"200\" height=\"200\" alt=\"Milkshakes and cocktails Binebeca\" title=\"frullati-e-cocktail-icona\" src=\"https:\/\/paseo60.es\/wp-content\/uploads\/2025\/03\/milkshakes-and-cocktails-icon-200x200.png\" class=\"img-responsive wp-image-560\" srcset=\"https:\/\/paseo60.es\/wp-content\/uploads\/2025\/03\/milkshakes-and-cocktails-icon-200x200.png 200w, https:\/\/paseo60.es\/wp-content\/uploads\/2025\/03\/milkshakes-and-cocktails-icon-400x400.png 400w, https:\/\/paseo60.es\/wp-content\/uploads\/2025\/03\/milkshakes-and-cocktails-icon-600x600.png 600w, https:\/\/paseo60.es\/wp-content\/uploads\/2025\/03\/milkshakes-and-cocktails-icon.png 800w\" sizes=\"(max-width: 640px) 100vw, 600px\" \/><\/span><\/div><div class=\"fusion-title title fusion-title-4 fusion-sep-none fusion-title-center fusion-title-text fusion-title-size-three\" style=\"--awb-text-color:var(--awb-color7);\"><h3 class=\"fusion-title-heading title-heading-center\" style=\"font-family:&quot;buendia&quot;;font-style:italic;font-weight:400;margin:0;\"><a href=\"https:\/\/paseo60.es\/it\/the-menu-at-paseo-60\/\" class=\"awb-custom-text-color awb-custom-text-hover-color\" target=\"_self\">Men\u00f9 e bevande<\/a><\/h3><\/div><\/div><\/div><\/div><\/div><\/div><\/div><\/div><div class=\"fusion-fullwidth fullwidth-box fusion-builder-row-3 fusion-flex-container has-pattern-background has-mask-background nonhundred-percent-fullwidth non-hundred-percent-height-scrolling\" style=\"--awb-background-repeat:repeat;--awb-border-radius-top-left:0px;--awb-border-radius-top-right:0px;--awb-border-radius-bottom-right:0px;--awb-border-radius-bottom-left:0px;--awb-padding-top:40px;--awb-padding-right:20px;--awb-padding-bottom:30px;--awb-padding-left:20px;--awb-margin-top-small:10px;--awb-margin-bottom-small:10px;--awb-background-color:#f5f5f0;--awb-flex-wrap:wrap;\" ><div class=\"fusion-builder-row fusion-row fusion-flex-align-items-flex-start fusion-flex-content-wrap\" style=\"max-width:1248px;margin-left: calc(-4% \/ 2 );margin-right: calc(-4% \/ 2 );\"><div class=\"fusion-layout-column fusion_builder_column fusion-builder-column-2 fusion_builder_column_1_1 1_1 fusion-flex-column\" style=\"--awb-bg-size:cover;--awb-width-large:100%;--awb-margin-top-large:0px;--awb-spacing-right-large:1.92%;--awb-margin-bottom-large:20px;--awb-spacing-left-large:1.92%;--awb-width-medium:100%;--awb-order-medium:0;--awb-spacing-right-medium:1.92%;--awb-spacing-left-medium:1.92%;--awb-width-small:100%;--awb-order-small:0;--awb-spacing-right-small:1.92%;--awb-spacing-left-small:1.92%;\"><div class=\"fusion-column-wrapper fusion-column-has-shadow fusion-flex-justify-content-flex-start fusion-content-layout-column\"><div class=\"fusion-title title fusion-title-5 fusion-sep-none fusion-title-center fusion-title-text fusion-title-size-two\" style=\"--awb-text-color:var(--awb-color6);--awb-font-size:48px;\"><h2 class=\"fusion-title-heading title-heading-center\" style=\"font-family:&quot;hello-bloomie-script&quot;;font-style:normal;font-weight:400;margin:0;font-size:1em;\">Perch\u00e9 scegliere Paseo60?<\/h2><\/div><div class=\"fusion-text fusion-text-3\"><p style=\"text-align: center;\">Ingredienti di qualit\u00e0, preparati freschi<\/p>\n<p style=\"text-align: center;\">Servizio veloce e cordiale<\/p>\n<p style=\"text-align: center;\">Da asporto o da consumare sul posto<\/p>\n<p style=\"text-align: center;\">I piatti tipici di Minorca in un unico posto<\/p>\n<p style=\"text-align: center;\">Pronti per ordinare?\u00a0<a href=\"https:\/\/paseo60.es\/it\/the-menu-at-paseo-60\/\"><span style=\"color: #333333; text-decoration: underline;\">Sfoglia il nostro men\u00f9<\/span><\/a> E <a href=\"https:\/\/paseo60.es\/it\/takeaway\/\"><span style=\"color: #333333; text-decoration: underline;\">effettua il tuo ordine online<\/span><\/a> ora, lo avremo pronto in men che non si dica!<\/p>\n<\/div><\/div><\/div><\/div><\/div><div class=\"fusion-fullwidth fullwidth-box fusion-builder-row-4 fusion-flex-container has-pattern-background has-mask-background hundred-percent-fullwidth non-hundred-percent-height-scrolling\" style=\"--awb-border-radius-top-left:0px;--awb-border-radius-top-right:0px;--awb-border-radius-bottom-right:0px;--awb-border-radius-bottom-left:0px;--awb-padding-top:0px;--awb-padding-right:0px;--awb-padding-bottom:0px;--awb-padding-left:0px;--awb-margin-bottom:20px;--awb-flex-wrap:wrap;\" id=\"fcs_bg_video\" ><div class=\"fusion-builder-row fusion-row fusion-flex-align-items-flex-start fusion-flex-content-wrap\" style=\"width:104% !important;max-width:104% !important;margin-left: calc(-4% \/ 2 );margin-right: calc(-4% \/ 2 );\"><div class=\"fusion-layout-column fusion_builder_column fusion-builder-column-3 fusion_builder_column_1_1 1_1 fusion-flex-column\" style=\"--awb-bg-blend:overlay;--awb-bg-size:cover;--awb-width-large:100%;--awb-margin-top-large:0px;--awb-spacing-right-large:1.92%;--awb-margin-bottom-large:0px;--awb-spacing-left-large:1.92%;--awb-width-medium:100%;--awb-spacing-right-medium:1.92%;--awb-spacing-left-medium:1.92%;--awb-width-small:100%;--awb-spacing-right-small:1.92%;--awb-spacing-left-small:1.92%;\"><div class=\"fusion-column-wrapper fusion-flex-justify-content-flex-start fusion-content-layout-column\"><div class=\"fusion-video fusion-selfhosted-video\" style=\"align-self:center;max-width:100%;\"><div class=\"video-wrapper\"><video playsinline=\"true\" width=\"100%\" style=\"object-fit: cover;\" autoplay=\"true\" muted=\"true\" loop=\"true\" preload=\"auto\"><source src=\"https:\/\/paseo60.es\/wp-content\/uploads\/2023\/04\/food-montage-1920x800-1.mp4\" type=\"video\/mp4\">Siamo spiacenti, il tuo browser non supporta i video incorporati.<\/video><\/div><\/div><\/div><\/div><\/div><\/div><div class=\"fusion-fullwidth fullwidth-box fusion-builder-row-5 fusion-flex-container has-pattern-background has-mask-background hundred-percent-fullwidth non-hundred-percent-height-scrolling\" style=\"--awb-border-radius-top-left:0px;--awb-border-radius-top-right:0px;--awb-border-radius-bottom-right:0px;--awb-border-radius-bottom-left:0px;--awb-padding-top-small:0px;--awb-padding-right-small:20px;--awb-padding-bottom-small:0px;--awb-padding-left-small:20px;--awb-flex-wrap:wrap;\" ><div class=\"fusion-builder-row fusion-row fusion-flex-align-items-stretch fusion-flex-justify-content-space-evenly fusion-flex-content-wrap\" style=\"width:104% !important;max-width:104% !important;margin-left: calc(-4% \/ 2 );margin-right: calc(-4% \/ 2 );\"><div class=\"fusion-layout-column fusion_builder_column fusion-builder-column-4 fusion_builder_column_1_4 1_4 fusion-flex-column\" style=\"--awb-padding-top:20px;--awb-padding-right:30px;--awb-padding-bottom:20px;--awb-padding-left:30px;--awb-bg-color:var(--awb-color4);--awb-bg-color-hover:var(--awb-color4);--awb-bg-size:cover;--awb-width-large:25%;--awb-margin-top-large:0px;--awb-spacing-right-large:0px;--awb-margin-bottom-large:20px;--awb-spacing-left-large:0px;--awb-width-medium:25%;--awb-order-medium:0;--awb-spacing-right-medium:0px;--awb-spacing-left-medium:0px;--awb-width-small:100%;--awb-order-small:0;--awb-spacing-right-small:1.92%;--awb-spacing-left-small:1.92%;\" data-scroll-devices=\"small-visibility,medium-visibility,large-visibility\"><div class=\"fusion-column-wrapper fusion-column-has-shadow fusion-flex-justify-content-flex-start fusion-content-layout-column\"><div class=\"fusion-title title fusion-title-6 fusion-sep-none fusion-title-text fusion-title-size-two\" style=\"--awb-text-color:var(--awb-color3);--awb-font-size:38px;\"><h2 class=\"fusion-title-heading title-heading-left\" style=\"margin:0;font-size:1em;\">Prenota in linea<\/h2><\/div><div class=\"fusion-text fusion-text-4\"><p><span style=\"color: #ffffff;\">Clicca sul pulsante qui sotto per prenotare il tuo tavolo. Confermeremo la tua prenotazione tramite e-mail o SMS.<\/span><\/p>\n<\/div><div ><a class=\"fusion-button button-flat fusion-button-default-size button-custom fusion-button-default button-2 fusion-button-default-span fusion-button-default-type\" style=\"--button_accent_color:var(--awb-color4);--button_border_color:var(--awb-color4);--button_accent_hover_color:var(--awb-color1);--button_border_hover_color:var(--awb-color1);--button_gradient_top_color:var(--awb-color2);--button_gradient_bottom_color:var(--awb-color2);--button_gradient_top_color_hover:hsla(var(--awb-color5-h),calc(var(--awb-color5-s) - 5%),calc(var(--awb-color5-l) - 10%),var(--awb-color5-a));--button_gradient_bottom_color_hover:hsla(var(--awb-color5-h),calc(var(--awb-color5-s) - 5%),calc(var(--awb-color5-l) - 10%),var(--awb-color5-a));\" target=\"_self\" href=\"https:\/\/paseo60.es\/it\/book-online\/\"><span class=\"fusion-button-text awb-button__text awb-button__text--default\">Prenota un tavolo<\/span><\/a><\/div><\/div><\/div><div class=\"fusion-layout-column fusion_builder_column fusion-builder-column-5 fusion_builder_column_1_4 1_4 fusion-flex-column\" style=\"--awb-padding-top:20px;--awb-padding-right:30px;--awb-padding-bottom:20px;--awb-padding-left:30px;--awb-bg-color:rgba(148,199,208,0.75);--awb-bg-color-hover:rgba(148,199,208,0.75);--awb-bg-size:cover;--awb-width-large:25%;--awb-margin-top-large:0px;--awb-spacing-right-large:0px;--awb-margin-bottom-large:20px;--awb-spacing-left-large:0px;--awb-width-medium:25%;--awb-order-medium:0;--awb-spacing-right-medium:0px;--awb-spacing-left-medium:0px;--awb-width-small:100%;--awb-order-small:0;--awb-spacing-right-small:1.92%;--awb-spacing-left-small:1.92%;\" data-scroll-devices=\"small-visibility,medium-visibility,large-visibility\"><div class=\"fusion-column-wrapper fusion-column-has-shadow fusion-flex-justify-content-flex-start fusion-content-layout-column\"><div class=\"fusion-title title fusion-title-7 fusion-sep-none fusion-title-text fusion-title-size-two\" style=\"--awb-text-color:var(--awb-color3);--awb-font-size:38px;\"><h2 class=\"fusion-title-heading title-heading-left\" style=\"margin:0;font-size:1em;\">Orari di apertura<\/h2><\/div><div class=\"fusion-text fusion-text-5\"><p><span style=\"color: #fffdee;\"><strong>Pranzo e cena<\/strong><\/span><\/p>\n<p><span style=\"color: #fffdee;\">Luned\u00ec \u2013 Venerd\u00ec: 10:00 \u2013 18:00<\/span><\/p>\n<p><span style=\"color: #fffdee;\"><strong>Sabato e Domenica \u2013 CHIUSO<\/strong><\/span><\/p>\n<\/div><\/div><\/div><div class=\"fusion-layout-column fusion_builder_column fusion-builder-column-6 fusion_builder_column_1_4 1_4 fusion-flex-column\" style=\"--awb-padding-top:20px;--awb-padding-right:30px;--awb-padding-bottom:20px;--awb-padding-left:30px;--awb-bg-color:rgba(131,129,67,0.71);--awb-bg-color-hover:rgba(131,129,67,0.71);--awb-bg-size:cover;--awb-width-large:25%;--awb-margin-top-large:0px;--awb-spacing-right-large:0px;--awb-margin-bottom-large:20px;--awb-spacing-left-large:0px;--awb-width-medium:25%;--awb-order-medium:0;--awb-spacing-right-medium:0px;--awb-spacing-left-medium:0px;--awb-width-small:100%;--awb-order-small:0;--awb-spacing-right-small:1.92%;--awb-spacing-left-small:1.92%;\" data-scroll-devices=\"small-visibility,medium-visibility,large-visibility\"><div class=\"fusion-column-wrapper fusion-column-has-shadow fusion-flex-justify-content-flex-start fusion-content-layout-column\"><div class=\"fusion-title title fusion-title-8 fusion-sep-none fusion-title-text fusion-title-size-two\" style=\"--awb-text-color:var(--awb-color3);--awb-font-size:38px;\"><h2 class=\"fusion-title-heading title-heading-left\" style=\"margin:0;font-size:1em;\">Trovaci<\/h2><\/div><div class=\"fusion-text fusion-text-6\"><p><span style=\"color: #fffdee;\">Passeig Maritim Binib\u00e8quer Vel, 60,<\/span><br \/>\n<span style=\"color: #fffdee;\">07711 Binbequer,<\/span><br \/>\n<span style=\"color: #fffdee;\">Isole Baleari<\/span><\/p>\n<\/div><div ><a class=\"fusion-button button-flat fusion-button-default-size button-custom fusion-button-default button-3 fusion-button-default-span fusion-button-default-type\" style=\"--button_accent_color:rgba(131,129,67,0.71);--button_border_color:rgba(131,129,67,0.71);--button_accent_hover_color:var(--awb-color1);--button_border_hover_color:var(--awb-color1);--button_gradient_top_color:var(--awb-color1);--button_gradient_bottom_color:var(--awb-color1);--button_gradient_top_color_hover:hsla(var(--awb-color5-h),calc(var(--awb-color5-s) - 5%),calc(var(--awb-color5-l) - 10%),var(--awb-color5-a));--button_gradient_bottom_color_hover:hsla(var(--awb-color5-h),calc(var(--awb-color5-s) - 5%),calc(var(--awb-color5-l) - 10%),var(--awb-color5-a));\" target=\"_blank\" rel=\"noopener noreferrer\" href=\"https:\/\/www.google.com\/maps\/place\/Passeig+Mar%C3%ADtim+Binib%C3%A8quer+Vel,+60,+07711+Binib%C3%A8quer,+Illes+Balears,+Spain\/@39.8185047,4.2338903,17z\/data=!3m1!4b1!4m6!3m5!1s0x129585fee24b2bd7:0x97653f814ae64a41!8m2!3d39.8185047!4d4.236079!16s%2Fg%2F11c4hr68vh\"><span class=\"fusion-button-text awb-button__text awb-button__text--default\">Visualizza Google Maps<\/span><\/a><\/div><\/div><\/div><div class=\"fusion-layout-column fusion_builder_column fusion-builder-column-7 fusion_builder_column_1_4 1_4 fusion-flex-column\" style=\"--awb-padding-top:20px;--awb-padding-right:30px;--awb-padding-bottom:20px;--awb-padding-left:30px;--awb-bg-color:rgba(216,148,110,0.85);--awb-bg-color-hover:rgba(216,148,110,0.85);--awb-bg-size:cover;--awb-width-large:25%;--awb-margin-top-large:0px;--awb-spacing-right-large:0px;--awb-margin-bottom-large:20px;--awb-spacing-left-large:0px;--awb-width-medium:25%;--awb-order-medium:0;--awb-spacing-right-medium:0px;--awb-spacing-left-medium:0px;--awb-width-small:100%;--awb-order-small:0;--awb-spacing-right-small:1.92%;--awb-spacing-left-small:1.92%;\" data-scroll-devices=\"small-visibility,medium-visibility,large-visibility\"><div class=\"fusion-column-wrapper fusion-column-has-shadow fusion-flex-justify-content-flex-start fusion-content-layout-column\"><div class=\"fusion-title title fusion-title-9 fusion-sep-none fusion-title-text fusion-title-size-two\" style=\"--awb-text-color:var(--awb-color3);--awb-font-size:38px;\"><h2 class=\"fusion-title-heading title-heading-left\" style=\"margin:0;font-size:1em;\">Contattaci<\/h2><\/div><div class=\"fusion-text fusion-text-7\"><p><span style=\"color: #fffdee;\">Clicca sul numero qui sotto per chiamarci.<\/span><\/p>\n<p><span style=\"color: #fffdee;\"><a style=\"color: #fffdee;\" href=\"tel:+34646672503\">(+34) 646 67 25 03<\/a><\/span><\/p>\n<\/div><\/div><\/div><\/div><\/div>\n<\/p>","protected":false},"excerpt":{"rendered":"","protected":false},"author":1,"featured_media":0,"parent":0,"menu_order":0,"comment_status":"closed","ping_status":"open","template":"100-width.php","meta":{"_monsterinsights_skip_tracking":false,"_monsterinsights_sitenote_active":false,"_monsterinsights_sitenote_note":"","_monsterinsights_sitenote_category":0,"footnotes":""},"class_list":["post-541","page","type-page","status-publish","hentry"],"_links":{"self":[{"href":"https:\/\/paseo60.es\/it\/wp-json\/wp\/v2\/pages\/541","targetHints":{"allow":["GET"]}}],"collection":[{"href":"https:\/\/paseo60.es\/it\/wp-json\/wp\/v2\/pages"}],"about":[{"href":"https:\/\/paseo60.es\/it\/wp-json\/wp\/v2\/types\/page"}],"author":[{"embeddable":true,"href":"https:\/\/paseo60.es\/it\/wp-json\/wp\/v2\/users\/1"}],"replies":[{"embeddable":true,"href":"https:\/\/paseo60.es\/it\/wp-json\/wp\/v2\/comments?post=541"}],"version-history":[{"count":54,"href":"https:\/\/paseo60.es\/it\/wp-json\/wp\/v2\/pages\/541\/revisions"}],"predecessor-version":[{"id":761,"href":"https:\/\/paseo60.es\/it\/wp-json\/wp\/v2\/pages\/541\/revisions\/761"}],"wp:attachment":[{"href":"https:\/\/paseo60.es\/it\/wp-json\/wp\/v2\/media?parent=541"}],"curies":[{"name":"parola chiave","href":"https:\/\/api.w.org\/{rel}","templated":true}]}}