{"id":646,"date":"2025-05-13T16:50:49","date_gmt":"2025-05-13T16:50:49","guid":{"rendered":"https:\/\/paseo60.es\/?page_id=646"},"modified":"2025-05-13T16:50:49","modified_gmt":"2025-05-13T16:50:49","slug":"legal-notice","status":"publish","type":"page","link":"https:\/\/paseo60.es\/fr\/legal-notice\/","title":{"rendered":"Mentions l\u00e9gales"},"content":{"rendered":"<h2 class=\"wp-block-heading\" data-start=\"239\" data-end=\"258\"><strong data-start=\"242\" data-end=\"258\">Mentions l\u00e9gales<\/strong><\/h2>\r\n<h3 class=\"\" data-start=\"260\" data-end=\"284\"><strong data-start=\"264\" data-end=\"284\">1. Propri\u00e9taire du site Web<\/strong><\/h3>\r\n<p class=\"\" data-start=\"286\" data-end=\"451\">Conform\u00e9ment aux dispositions de la loi 34\/2002 sur les services de la soci\u00e9t\u00e9 de l&#039;information et du commerce \u00e9lectronique (LSSI-CE), les utilisateurs sont inform\u00e9s que ce site Web appartient \u00e0 :<\/p>\r\n<ul data-start=\"453\" data-end=\"693\">\r\n<li class=\"\" data-start=\"453\" data-end=\"483\">\r\n<p class=\"\" data-start=\"455\" data-end=\"483\"><strong data-start=\"455\" data-end=\"472\">Nom de l&#039;entreprise<\/strong>: Paseo60<\/p>\r\n<\/li>\r\n<li class=\"\" data-start=\"484\" data-end=\"547\">\r\n<p class=\"\" data-start=\"486\" data-end=\"547\"><strong data-start=\"486\" data-end=\"508\">Adresse enregistr\u00e9e<\/strong>: Passeig Mar\u00edtim Binib\u00e8quer Vel, 60, 07711 Binibequer, Illes Balears<\/p>\r\n<\/li>\r\n<li class=\"\" data-start=\"548\" data-end=\"594\">\r\n<p class=\"\" data-start=\"550\" data-end=\"594\"><strong data-start=\"550\" data-end=\"559\">E-mail<\/strong>: tastingmenorca@gmail.com<\/p>\r\n<\/li>\r\n<li class=\"\" data-start=\"595\" data-end=\"631\">\r\n<p class=\"\" data-start=\"597\" data-end=\"631\"><strong data-start=\"597\" data-end=\"606\">T\u00e9l\u00e9phone<\/strong>: <a href=\"tel:+34646 67 25 03\">(+34) 646 67 25 03<\/a><\/p>\r\n<\/li>\r\n<\/ul>\r\n<hr class=\"\" data-start=\"695\" data-end=\"698\" \/>\r\n<h3 class=\"\" data-start=\"700\" data-end=\"733\"><strong data-start=\"704\" data-end=\"733\">2. Objet du site Web<\/strong><\/h3>\r\n<p class=\"\" data-start=\"735\" data-end=\"936\">Le but du site Web <strong data-start=\"762\" data-end=\"780\"><a class=\"\" href=\"https:\/\/paseo60.es\/fr\/\" target=\"_new\" rel=\"noopener\" data-start=\"764\" data-end=\"778\">www.paseo60.es<\/a><\/strong> est de fournir des informations sur notre restaurant, y compris les menus, les heures d&#039;ouverture et l&#039;emplacement, et de faciliter la commande de nourriture en ligne et les services \u00e0 emporter.<\/p>\r\n<hr class=\"\" data-start=\"938\" data-end=\"941\" \/>\r\n<h3 class=\"\" data-start=\"943\" data-end=\"966\"><strong data-start=\"947\" data-end=\"966\">3. Conditions d&#039;utilisation<\/strong><\/h3>\r\n<p class=\"\" data-start=\"968\" data-end=\"1218\">En acc\u00e9dant \u00e0 ce site web et en l&#039;utilisant, vous vous engagez \u00e0 l&#039;utiliser dans le respect de la loi, de la bonne foi et de l&#039;ordre public. Vous vous engagez \u00e0 ne pas utiliser le site web \u00e0 des fins illicites ou de toute mani\u00e8re susceptible d&#039;endommager ou d&#039;entraver son fonctionnement normal.<\/p>\r\n<hr class=\"\" data-start=\"1220\" data-end=\"1223\" \/>\r\n<h3 class=\"\" data-start=\"1225\" data-end=\"1272\"><strong data-start=\"1229\" data-end=\"1272\">4. Propri\u00e9t\u00e9 intellectuelle et industrielle<\/strong><\/h3>\r\n<p class=\"\" data-start=\"1274\" data-end=\"1669\">L&#039;ensemble du contenu de ce site web, y compris, mais sans s&#039;y limiter, les textes, photographies, logos, ic\u00f4nes, images, design, code source et logiciels, est la propri\u00e9t\u00e9 de Paseo60 ou nous est conc\u00e9d\u00e9 sous licence. Il est prot\u00e9g\u00e9 par la l\u00e9gislation applicable en mati\u00e8re de propri\u00e9t\u00e9 intellectuelle et industrielle. L&#039;utilisation du contenu est r\u00e9serv\u00e9e \u00e0 un usage personnel et non commercial. Toute autre utilisation n\u00e9cessite l&#039;autorisation \u00e9crite pr\u00e9alable de Paseo60.<\/p>\r\n<hr class=\"\" data-start=\"1671\" data-end=\"1674\" \/>\r\n<h3 class=\"\" data-start=\"1676\" data-end=\"1701\"><strong data-start=\"1680\" data-end=\"1701\">5. Responsabilit\u00e9<\/strong><\/h3>\r\n<p class=\"\" data-start=\"1703\" data-end=\"1887\">Paseo60 n&#039;est pas responsable des dommages ou pertes pouvant survenir en raison de l&#039;utilisation de ce site Web, y compris les erreurs ou omissions dans le contenu ou le manque de disponibilit\u00e9 du site Web.<\/p>\r\n<p class=\"\" data-start=\"1889\" data-end=\"2004\">Nous nous r\u00e9servons le droit de mettre \u00e0 jour, de modifier ou de supprimer les informations sur ce site Web \u00e0 tout moment et sans pr\u00e9avis.<\/p>\r\n<hr class=\"\" data-start=\"2006\" data-end=\"2009\" \/>\r\n<h3 class=\"\" data-start=\"2011\" data-end=\"2044\"><strong data-start=\"2015\" data-end=\"2044\">6. Liens vers des tiers<\/strong><\/h3>\r\n<p class=\"\" data-start=\"2046\" data-end=\"2298\">Ce site web peut contenir des liens vers des sites web tiers. Paseo60 n&#039;exerce aucun contr\u00f4le sur le contenu ou les pratiques de ces sites et n&#039;en assume aucune responsabilit\u00e9. L&#039;inclusion de tels liens n&#039;implique aucune association ni approbation de la part de Paseo60.<\/p>\r\n<hr class=\"\" data-start=\"2300\" data-end=\"2303\" \/>\r\n<h3 class=\"\" data-start=\"2305\" data-end=\"2347\"><strong data-start=\"2309\" data-end=\"2347\">7. Loi applicable et juridiction<\/strong><\/h3>\r\n<p class=\"\" data-start=\"2349\" data-end=\"2559\">Les pr\u00e9sentes mentions l\u00e9gales sont r\u00e9gies et interpr\u00e9t\u00e9es conform\u00e9ment au droit espagnol. Tout litige d\u00e9coulant de l&#039;utilisation de ce site web sera soumis \u00e0 la juridiction des tribunaux de Minorque, en Espagne.<\/p>\r\n<hr class=\"\" data-start=\"2561\" data-end=\"2564\" \/>\r\n<h3 class=\"\" data-start=\"2566\" data-end=\"2584\"><strong data-start=\"2570\" data-end=\"2584\">8. Contact<\/strong><\/h3>\r\n<p class=\"\" data-start=\"2895\" data-end=\"2981\">Si vous avez des questions concernant cet avis juridique, veuillez nous contacter \u00e0 :<\/p>\r\n<ul data-start=\"2983\" data-end=\"3072\">\r\n<li class=\"\" data-start=\"2983\" data-end=\"3020\">\r\n<p class=\"\" data-start=\"2985\" data-end=\"3020\"><strong data-start=\"2985\" data-end=\"2994\">E-mail<\/strong>: tastingmenorca@gmail.com<\/p>\r\n<\/li>\r\n<li class=\"\" data-start=\"3021\" data-end=\"3072\">\r\n<p class=\"\" data-start=\"3023\" data-end=\"3072\"><strong data-start=\"3023\" data-end=\"3034\">Adresse<\/strong>: Passeig Mar\u00edtim Binib\u00e8quer Vel, 60, 07711 Binibequer, Illes Balears<\/p>\r\n<\/li>\r\n<\/ul>","protected":false},"excerpt":{"rendered":"<p>Legal Notice 1. Website Owner In accordance with the provisions  [...]<\/p>","protected":false},"author":2,"featured_media":0,"parent":0,"menu_order":0,"comment_status":"closed","ping_status":"open","template":"","meta":{"_monsterinsights_skip_tracking":false,"_monsterinsights_sitenote_active":false,"_monsterinsights_sitenote_note":"","_monsterinsights_sitenote_category":0,"footnotes":""},"class_list":["post-646","page","type-page","status-publish","hentry"],"_links":{"self":[{"href":"https:\/\/paseo60.es\/fr\/wp-json\/wp\/v2\/pages\/646","targetHints":{"allow":["GET"]}}],"collection":[{"href":"https:\/\/paseo60.es\/fr\/wp-json\/wp\/v2\/pages"}],"about":[{"href":"https:\/\/paseo60.es\/fr\/wp-json\/wp\/v2\/types\/page"}],"author":[{"embeddable":true,"href":"https:\/\/paseo60.es\/fr\/wp-json\/wp\/v2\/users\/2"}],"replies":[{"embeddable":true,"href":"https:\/\/paseo60.es\/fr\/wp-json\/wp\/v2\/comments?post=646"}],"version-history":[{"count":2,"href":"https:\/\/paseo60.es\/fr\/wp-json\/wp\/v2\/pages\/646\/revisions"}],"predecessor-version":[{"id":648,"href":"https:\/\/paseo60.es\/fr\/wp-json\/wp\/v2\/pages\/646\/revisions\/648"}],"wp:attachment":[{"href":"https:\/\/paseo60.es\/fr\/wp-json\/wp\/v2\/media?parent=646"}],"curies":[{"name":"wp","href":"https:\/\/api.w.org\/{rel}","templated":true}]}}