{"id":3,"date":"2023-04-04T13:40:57","date_gmt":"2023-04-04T12:40:57","guid":{"rendered":"https:\/\/freelancecreative.solutions\/demo\/ristorante\/?page_id=3"},"modified":"2025-05-13T16:44:19","modified_gmt":"2025-05-13T16:44:19","slug":"privacy-policy","status":"publish","type":"page","link":"https:\/\/paseo60.es\/fr\/privacy-policy\/","title":{"rendered":"politique de confidentialit\u00e9"},"content":{"rendered":"<h3 class=\"wp-block-heading\" data-start=\"171\" data-end=\"197\"><strong data-start=\"171\" data-end=\"197\">Politique de confidentialit\u00e9 de Paseo60<\/strong><\/h3>\r\n<p class=\"\" data-start=\"199\" data-end=\"231\"><strong data-start=\"199\" data-end=\"231\">Date d&#039;entr\u00e9e en vigueur : 1er mai 2025<\/strong><\/p>\r\n<p class=\"\" data-start=\"233\" data-end=\"461\">Chez Paseo60, nous respectons votre vie priv\u00e9e et nous engageons \u00e0 prot\u00e9ger vos donn\u00e9es personnelles. Cette politique explique comment nous collectons, utilisons et prot\u00e9geons vos informations, notamment lorsque vous passez commande en ligne ou utilisez nos services de vente \u00e0 emporter.<\/p>\r\n<hr class=\"\" data-start=\"463\" data-end=\"466\" \/>\r\n<h3>1. Informations que nous collectons<\/h3>\r\n<h3>a) Informations que vous fournissez<\/h3>\r\n<p class=\"\" data-start=\"532\" data-end=\"608\">Lorsque vous passez une commande en ligne, r\u00e9servez une table ou nous contactez, nous pouvons collecter :<\/p>\r\n<ul data-start=\"610\" data-end=\"875\">\r\n<li class=\"\" data-start=\"610\" data-end=\"623\">\r\n<p class=\"\" data-start=\"612\" data-end=\"623\">Nom et pr\u00e9nom<\/p>\r\n<\/li>\r\n<li class=\"\" data-start=\"624\" data-end=\"641\">\r\n<p class=\"\" data-start=\"626\" data-end=\"641\">Adresse email<\/p>\r\n<\/li>\r\n<li class=\"\" data-start=\"642\" data-end=\"658\">\r\n<p class=\"\" data-start=\"644\" data-end=\"658\">Num\u00e9ro de t\u00e9l\u00e9phone<\/p>\r\n<\/li>\r\n<li class=\"\" data-start=\"659\" data-end=\"695\">\r\n<p class=\"\" data-start=\"661\" data-end=\"695\">Adresse de livraison (le cas \u00e9ch\u00e9ant)<\/p>\r\n<\/li>\r\n<li class=\"\" data-start=\"696\" data-end=\"765\">\r\n<p class=\"\" data-start=\"698\" data-end=\"765\">D\u00e9tails de la commande, y compris les pr\u00e9f\u00e9rences alimentaires ou les restrictions alimentaires<\/p>\r\n<\/li>\r\n<li class=\"\" data-start=\"766\" data-end=\"875\">\r\n<p class=\"\" data-start=\"768\" data-end=\"875\">Informations de paiement (trait\u00e9es en toute s\u00e9curit\u00e9 par nos prestataires de services de paiement\u00a0\u2013 nous ne stockons pas les d\u00e9tails de votre carte)<\/p>\r\n<\/li>\r\n<\/ul>\r\n<h3 data-start=\"877\" data-end=\"920\">b) Informations collect\u00e9es automatiquement<\/h3>\r\n<p class=\"\" data-start=\"922\" data-end=\"1007\">Lorsque vous naviguez sur notre site Web ou utilisez nos services en ligne, nous pouvons collecter automatiquement :<\/p>\r\n<ul data-start=\"1009\" data-end=\"1168\">\r\n<li class=\"\" data-start=\"1009\" data-end=\"1023\">\r\n<p class=\"\" data-start=\"1011\" data-end=\"1023\">adresse IP<\/p>\r\n<\/li>\r\n<li class=\"\" data-start=\"1024\" data-end=\"1061\">\r\n<p class=\"\" data-start=\"1026\" data-end=\"1061\">Type de navigateur et syst\u00e8me d&#039;exploitation<\/p>\r\n<\/li>\r\n<li class=\"\" data-start=\"1062\" data-end=\"1084\">\r\n<p class=\"\" data-start=\"1064\" data-end=\"1084\">Informations sur l&#039;appareil<\/p>\r\n<\/li>\r\n<li class=\"\" data-start=\"1085\" data-end=\"1128\">\r\n<p class=\"\" data-start=\"1087\" data-end=\"1128\">Donn\u00e9es de localisation (si vous avez donn\u00e9 votre consentement)<\/p>\r\n<\/li>\r\n<li class=\"\" data-start=\"1129\" data-end=\"1168\">\r\n<p class=\"\" data-start=\"1131\" data-end=\"1168\">Donn\u00e9es relatives aux cookies et technologies similaires<\/p>\r\n<\/li>\r\n<\/ul>\r\n<hr class=\"\" data-start=\"1170\" data-end=\"1173\" \/>\r\n<h3 class=\"\" data-start=\"1175\" data-end=\"1209\">2. Comment nous utilisons vos informations<\/h3>\r\n<p class=\"\" data-start=\"1211\" data-end=\"1238\">Nous utilisons vos informations pour :<\/p>\r\n<ul data-start=\"1240\" data-end=\"1498\">\r\n<li class=\"\" data-start=\"1240\" data-end=\"1291\">\r\n<p class=\"\" data-start=\"1242\" data-end=\"1291\">Traitez et g\u00e9rez vos commandes et r\u00e9servations<\/p>\r\n<\/li>\r\n<li class=\"\" data-start=\"1292\" data-end=\"1344\">\r\n<p class=\"\" data-start=\"1294\" data-end=\"1344\">Communiquer avec vous au sujet de votre commande ou de votre r\u00e9servation<\/p>\r\n<\/li>\r\n<li class=\"\" data-start=\"1345\" data-end=\"1389\">\r\n<p class=\"\" data-start=\"1347\" data-end=\"1389\">Am\u00e9liorer nos services et l&#039;exp\u00e9rience utilisateur<\/p>\r\n<\/li>\r\n<li class=\"\" data-start=\"1390\" data-end=\"1451\">\r\n<p class=\"\" data-start=\"1392\" data-end=\"1451\">Envoyer des communications promotionnelles (uniquement si vous avez opt\u00e9 pour cette option)<\/p>\r\n<\/li>\r\n<li class=\"\" data-start=\"1452\" data-end=\"1498\">\r\n<p class=\"\" data-start=\"1454\" data-end=\"1498\">Se conformer aux obligations l\u00e9gales et r\u00e9glementaires<\/p>\r\n<\/li>\r\n<\/ul>\r\n<hr class=\"\" data-start=\"1500\" data-end=\"1503\" \/>\r\n<h3 class=\"\" data-start=\"1505\" data-end=\"1536\">3. Partage de vos informations<\/h3>\r\n<p class=\"\" data-start=\"1538\" data-end=\"1573\">Nous pouvons partager vos informations avec :<\/p>\r\n<ul data-start=\"1575\" data-end=\"1811\">\r\n<li class=\"\" data-start=\"1575\" data-end=\"1628\">\r\n<p class=\"\" data-start=\"1577\" data-end=\"1628\">Les prestataires de services de paiement pour traiter les transactions<\/p>\r\n<\/li>\r\n<li class=\"\" data-start=\"1629\" data-end=\"1700\">\r\n<p class=\"\" data-start=\"1631\" data-end=\"1700\">Plateformes de livraison ou tiers selon les besoins pour ex\u00e9cuter votre commande<\/p>\r\n<\/li>\r\n<li class=\"\" data-start=\"1701\" data-end=\"1770\">\r\n<p class=\"\" data-start=\"1703\" data-end=\"1770\">Fournisseurs de technologie qui nous aident \u00e0 exploiter notre site Web et nos services<\/p>\r\n<\/li>\r\n<li class=\"\" data-start=\"1771\" data-end=\"1811\">\r\n<p class=\"\" data-start=\"1773\" data-end=\"1811\">Autorit\u00e9s l\u00e9gales lorsque la loi l&#039;exige<\/p>\r\n<\/li>\r\n<\/ul>\r\n<p class=\"\" data-start=\"1813\" data-end=\"1902\">Nous ne vendons ni ne louons vos informations personnelles \u00e0 des tiers \u00e0 des fins de marketing.<\/p>\r\n<hr class=\"\" data-start=\"1904\" data-end=\"1907\" \/>\r\n<h3 class=\"\" data-start=\"1909\" data-end=\"1930\">4. Conservation des donn\u00e9es<\/h3>\r\n<p class=\"\" data-start=\"1932\" data-end=\"2091\">Nous conservons vos donn\u00e9es personnelles uniquement aussi longtemps que n\u00e9cessaire pour atteindre les objectifs pour lesquels nous les avons collect\u00e9es, y compris les exigences l\u00e9gales, comptables ou de reporting.<\/p>\r\n<hr class=\"\" data-start=\"2093\" data-end=\"2096\" \/>\r\n<h3 class=\"\" data-start=\"2098\" data-end=\"2116\">5. Vos droits<\/h3>\r\n<p class=\"\" data-start=\"2118\" data-end=\"2193\">En vertu du r\u00e8glement g\u00e9n\u00e9ral sur la protection des donn\u00e9es (RGPD), vous avez le droit de :<\/p>\r\n<ul data-start=\"2195\" data-end=\"2390\">\r\n<li class=\"\" data-start=\"2195\" data-end=\"2224\">\r\n<p class=\"\" data-start=\"2197\" data-end=\"2224\">Acc\u00e9der \u00e0 vos donn\u00e9es personnelles<\/p>\r\n<\/li>\r\n<li class=\"\" data-start=\"2225\" data-end=\"2266\">\r\n<p class=\"\" data-start=\"2227\" data-end=\"2266\">Corriger les donn\u00e9es inexactes ou incompl\u00e8tes<\/p>\r\n<\/li>\r\n<li class=\"\" data-start=\"2267\" data-end=\"2309\">\r\n<p class=\"\" data-start=\"2269\" data-end=\"2309\">Demander la suppression de vos donn\u00e9es personnelles<\/p>\r\n<\/li>\r\n<li class=\"\" data-start=\"2310\" data-end=\"2363\">\r\n<p class=\"\" data-start=\"2312\" data-end=\"2363\">Restreindre ou s&#039;opposer au traitement de vos donn\u00e9es<\/p>\r\n<\/li>\r\n<li class=\"\" data-start=\"2364\" data-end=\"2390\">\r\n<p class=\"\" data-start=\"2366\" data-end=\"2390\">Demander la portabilit\u00e9 des donn\u00e9es<\/p>\r\n<\/li>\r\n<\/ul>\r\n<p class=\"\" data-start=\"2392\" data-end=\"2470\">Pour exercer l&#039;un de ces droits, veuillez nous contacter via tastingmenorca@gmail.com.<\/p>\r\n<hr class=\"\" data-start=\"2472\" data-end=\"2475\" \/>\r\n<h3 class=\"\" data-start=\"2477\" data-end=\"2497\">6. S\u00e9curit\u00e9 des donn\u00e9es<\/h3>\r\n<p class=\"\" data-start=\"2499\" data-end=\"2660\">Nous mettons en \u0153uvre des mesures techniques et organisationnelles appropri\u00e9es pour prot\u00e9ger vos donn\u00e9es personnelles contre tout acc\u00e8s, alt\u00e9ration, divulgation ou destruction non autoris\u00e9s.<\/p>\r\n<hr class=\"\" data-start=\"2662\" data-end=\"2665\" \/>\r\n<h3 class=\"\" data-start=\"2667\" data-end=\"2696\">7. Modifications de cette politique<\/h3>\r\n<p class=\"\" data-start=\"2698\" data-end=\"2869\">Nous sommes susceptibles de mettre \u00e0 jour cette politique de confidentialit\u00e9 de temps \u00e0 autre. Toute modification importante sera publi\u00e9e sur notre site web et la date d&#039;entr\u00e9e en vigueur indiqu\u00e9e en haut de la page sera mise \u00e0 jour en cons\u00e9quence.<\/p>\r\n<hr class=\"\" data-start=\"2871\" data-end=\"2874\" \/>\r\n<h3 class=\"\" data-start=\"2876\" data-end=\"2893\">8. Contactez-nous<\/h3>\r\n<p class=\"\" data-start=\"2895\" data-end=\"2981\">Si vous avez des questions ou des pr\u00e9occupations concernant cette politique de confidentialit\u00e9, veuillez nous contacter \u00e0 :<\/p>\r\n<ul data-start=\"2983\" data-end=\"3072\">\r\n<li class=\"\" data-start=\"2983\" data-end=\"3020\">\r\n<p class=\"\" data-start=\"2985\" data-end=\"3020\"><strong data-start=\"2985\" data-end=\"2994\">E-mail<\/strong>: tastingmenorca@gmail.com<\/p>\r\n<\/li>\r\n<li class=\"\" data-start=\"3021\" data-end=\"3072\">\r\n<p class=\"\" data-start=\"3023\" data-end=\"3072\"><strong data-start=\"3023\" data-end=\"3034\">Adresse<\/strong>: Passeig Mar\u00edtim Binib\u00e8quer Vel, 60, 07711 Binibequer, Illes Balears<\/p>\r\n<\/li>\r\n<\/ul>","protected":false},"excerpt":{"rendered":"<p>Paseo60 Privacy Policy Effective date: May 1, 2025 At Paseo60,  [...]<\/p>","protected":false},"author":1,"featured_media":0,"parent":0,"menu_order":0,"comment_status":"closed","ping_status":"open","template":"","meta":{"_monsterinsights_skip_tracking":false,"_monsterinsights_sitenote_active":false,"_monsterinsights_sitenote_note":"","_monsterinsights_sitenote_category":0,"footnotes":""},"class_list":["post-3","page","type-page","status-publish","hentry"],"_links":{"self":[{"href":"https:\/\/paseo60.es\/fr\/wp-json\/wp\/v2\/pages\/3","targetHints":{"allow":["GET"]}}],"collection":[{"href":"https:\/\/paseo60.es\/fr\/wp-json\/wp\/v2\/pages"}],"about":[{"href":"https:\/\/paseo60.es\/fr\/wp-json\/wp\/v2\/types\/page"}],"author":[{"embeddable":true,"href":"https:\/\/paseo60.es\/fr\/wp-json\/wp\/v2\/users\/1"}],"replies":[{"embeddable":true,"href":"https:\/\/paseo60.es\/fr\/wp-json\/wp\/v2\/comments?post=3"}],"version-history":[{"count":9,"href":"https:\/\/paseo60.es\/fr\/wp-json\/wp\/v2\/pages\/3\/revisions"}],"predecessor-version":[{"id":645,"href":"https:\/\/paseo60.es\/fr\/wp-json\/wp\/v2\/pages\/3\/revisions\/645"}],"wp:attachment":[{"href":"https:\/\/paseo60.es\/fr\/wp-json\/wp\/v2\/media?parent=3"}],"curies":[{"name":"wp","href":"https:\/\/api.w.org\/{rel}","templated":true}]}}