{"id":215,"date":"2023-04-06T12:47:20","date_gmt":"2023-04-06T11:47:20","guid":{"rendered":"https:\/\/freelancecreative.solutions\/demo\/ristorante\/?page_id=215"},"modified":"2024-06-04T14:46:01","modified_gmt":"2024-06-04T14:46:01","slug":"about-us","status":"publish","type":"page","link":"https:\/\/paseo60.es\/fr\/about-us\/","title":{"rendered":"\u00c0 propos de nous"},"content":{"rendered":"<div class=\"fusion-fullwidth fullwidth-box fusion-builder-row-1 fusion-flex-container has-pattern-background has-mask-background nonhundred-percent-fullwidth non-hundred-percent-height-scrolling\" style=\"--awb-border-radius-top-left:0px;--awb-border-radius-top-right:0px;--awb-border-radius-bottom-right:0px;--awb-border-radius-bottom-left:0px;--awb-flex-wrap:wrap;\" ><div class=\"fusion-builder-row fusion-row fusion-flex-align-items-center fusion-flex-content-wrap\" style=\"max-width:1248px;margin-left: calc(-4% \/ 2 );margin-right: calc(-4% \/ 2 );\"><div class=\"fusion-layout-column fusion_builder_column fusion-builder-column-0 fusion_builder_column_1_2 1_2 fusion-flex-column\" style=\"--awb-bg-size:cover;--awb-width-large:50%;--awb-margin-top-large:0px;--awb-spacing-right-large:3.84%;--awb-margin-bottom-large:20px;--awb-spacing-left-large:3.84%;--awb-width-medium:50%;--awb-order-medium:0;--awb-spacing-right-medium:3.84%;--awb-spacing-left-medium:3.84%;--awb-width-small:100%;--awb-order-small:0;--awb-spacing-right-small:1.92%;--awb-spacing-left-small:1.92%;\"><div class=\"fusion-column-wrapper fusion-column-has-shadow fusion-flex-justify-content-flex-start fusion-content-layout-column\"><div class=\"fusion-title title fusion-title-1 fusion-sep-none fusion-title-text fusion-title-size-two\"><h2 class=\"fusion-title-heading title-heading-left\" style=\"margin:0;\">\u00c0 propos de nous<\/h2><\/div><div class=\"fusion-text fusion-text-1\"><p class=\"04xlpa\">Au milieu d&#039;une pand\u00e9mie, le r\u00eave du Paseo 60 est n\u00e9 en 2021. Avec la vision d&#039;ouvrir les portes de notre restaurant au public apr\u00e8s la pand\u00e9mie, nous nous sommes lanc\u00e9s dans la mission d&#039;\u00e9laborer un menu simple et original utilisant des produits locaux de qualit\u00e9 qui raviraient nos invit\u00e9s.<\/p>\n<p class=\"04xlpa\">Rencontrez Oscar et Manuela, le duo passionn\u00e9 dans les coulisses, apportant plus de 15 ans d&#039;expertise dans l&#039;industrie h\u00f4teli\u00e8re. Leur conviction commune est simple mais profonde : bien manger peut \u00eatre \u00e0 la fois d\u00e9licieux et sain, comme les repas faits maison partag\u00e9s autour d\u2019une table familiale.<\/p>\n<p class=\"04xlpa\">Chez Paseo 60, notre philosophie est claire\u00a0: nous ne servons que ce que nous serions pr\u00eats \u00e0 servir. L&#039;\u00e9quipe du Paseo 60 s&#039;efforce de vous proposer une exp\u00e9rience culinaire alternative, adapt\u00e9e \u00e0 vos go\u00fbts et aux n\u00f4tres, tout en \u00e9tant respectueuse de l&#039;environnement. Notre objectif est de cro\u00eetre durablement \u00e0 vos c\u00f4t\u00e9s, en vous proposant une cuisine responsable qui nourrit le corps et l&#039;esprit.<\/p>\n<p class=\"04xlpa\"><span class=\"s1ppyq\">Merci d&#039;avoir visit\u00e9 notre restaurant. Nous esp\u00e9rons que vous appr\u00e9cierez la nourriture\u00a0!<\/span><\/p>\n<\/div><\/div><\/div><div class=\"fusion-layout-column fusion_builder_column fusion-builder-column-1 fusion_builder_column_1_2 1_2 fusion-flex-column\" style=\"--awb-bg-size:cover;--awb-width-large:50%;--awb-margin-top-large:0px;--awb-spacing-right-large:3.84%;--awb-margin-bottom-large:20px;--awb-spacing-left-large:3.84%;--awb-width-medium:50%;--awb-order-medium:0;--awb-spacing-right-medium:3.84%;--awb-spacing-left-medium:3.84%;--awb-width-small:100%;--awb-order-small:0;--awb-spacing-right-small:1.92%;--awb-spacing-left-small:1.92%;\"><div class=\"fusion-column-wrapper fusion-column-has-shadow fusion-flex-justify-content-flex-start fusion-content-layout-column\"><div class=\"fusion-image-element\" style=\"text-align:center;--awb-caption-title-font-family:var(--h2_typography-font-family);--awb-caption-title-font-weight:var(--h2_typography-font-weight);--awb-caption-title-font-style:var(--h2_typography-font-style);--awb-caption-title-size:var(--h2_typography-font-size);--awb-caption-title-transform:var(--h2_typography-text-transform);--awb-caption-title-line-height:var(--h2_typography-line-height);--awb-caption-title-letter-spacing:var(--h2_typography-letter-spacing);\"><span class=\"fusion-imageframe imageframe-none imageframe-1 hover-type-none\"><img decoding=\"async\" width=\"800\" height=\"533\" title=\"famille paseo60\" src=\"https:\/\/freelancecreative.solutions\/demo\/ristorante\/wp-content\/uploads\/2023\/04\/paseo60-family-800x533.jpg\" alt class=\"img-responsive wp-image-157\" srcset=\"https:\/\/paseo60.es\/wp-content\/uploads\/2023\/04\/paseo60-family-200x133.jpg 200w, https:\/\/paseo60.es\/wp-content\/uploads\/2023\/04\/paseo60-family-400x267.jpg 400w, https:\/\/paseo60.es\/wp-content\/uploads\/2023\/04\/paseo60-family-600x400.jpg 600w, https:\/\/paseo60.es\/wp-content\/uploads\/2023\/04\/paseo60-family-800x533.jpg 800w, https:\/\/paseo60.es\/wp-content\/uploads\/2023\/04\/paseo60-family.jpg 1200w\" sizes=\"(max-width: 640px) 100vw, 600px\" \/><\/span><\/div><\/div><\/div><\/div><\/div>","protected":false},"excerpt":{"rendered":"","protected":false},"author":1,"featured_media":0,"parent":0,"menu_order":0,"comment_status":"closed","ping_status":"closed","template":"100-width.php","meta":{"_monsterinsights_skip_tracking":false,"_monsterinsights_sitenote_active":false,"_monsterinsights_sitenote_note":"","_monsterinsights_sitenote_category":0,"footnotes":""},"class_list":["post-215","page","type-page","status-publish","hentry"],"_links":{"self":[{"href":"https:\/\/paseo60.es\/fr\/wp-json\/wp\/v2\/pages\/215","targetHints":{"allow":["GET"]}}],"collection":[{"href":"https:\/\/paseo60.es\/fr\/wp-json\/wp\/v2\/pages"}],"about":[{"href":"https:\/\/paseo60.es\/fr\/wp-json\/wp\/v2\/types\/page"}],"author":[{"embeddable":true,"href":"https:\/\/paseo60.es\/fr\/wp-json\/wp\/v2\/users\/1"}],"replies":[{"embeddable":true,"href":"https:\/\/paseo60.es\/fr\/wp-json\/wp\/v2\/comments?post=215"}],"version-history":[{"count":5,"href":"https:\/\/paseo60.es\/fr\/wp-json\/wp\/v2\/pages\/215\/revisions"}],"predecessor-version":[{"id":435,"href":"https:\/\/paseo60.es\/fr\/wp-json\/wp\/v2\/pages\/215\/revisions\/435"}],"wp:attachment":[{"href":"https:\/\/paseo60.es\/fr\/wp-json\/wp\/v2\/media?parent=215"}],"curies":[{"name":"wp","href":"https:\/\/api.w.org\/{rel}","templated":true}]}}