{"id":646,"date":"2025-05-13T16:50:49","date_gmt":"2025-05-13T16:50:49","guid":{"rendered":"https:\/\/paseo60.es\/?page_id=646"},"modified":"2025-05-13T16:50:49","modified_gmt":"2025-05-13T16:50:49","slug":"legal-notice","status":"publish","type":"page","link":"https:\/\/paseo60.es\/es\/legal-notice\/","title":{"rendered":"Aviso legal"},"content":{"rendered":"<h2 class=\"wp-block-heading\" data-start=\"239\" data-end=\"258\"><strong data-start=\"242\" data-end=\"258\">Aviso legal<\/strong><\/h2>\r\n<h3 class=\"\" data-start=\"260\" data-end=\"284\"><strong data-start=\"264\" data-end=\"284\">1. Propietario del sitio web<\/strong><\/h3>\r\n<p class=\"\" data-start=\"286\" data-end=\"451\">De conformidad con lo dispuesto en la Ley 34\/2002 de Servicios de la Sociedad de la Informaci\u00f3n y de Comercio Electr\u00f3nico (LSSI-CE), se informa a los usuarios que este sitio web es titularidad de:<\/p>\r\n<ul data-start=\"453\" data-end=\"693\">\r\n<li class=\"\" data-start=\"453\" data-end=\"483\">\r\n<p class=\"\" data-start=\"455\" data-end=\"483\"><strong data-start=\"455\" data-end=\"472\">Nombre de la empresa<\/strong>:Paseo60<\/p>\r\n<\/li>\r\n<li class=\"\" data-start=\"484\" data-end=\"547\">\r\n<p class=\"\" data-start=\"486\" data-end=\"547\"><strong data-start=\"486\" data-end=\"508\">Direcci\u00f3n registrada<\/strong>: Passeig Mar\u00edtim Binib\u00e8quer Vel, 60, 07711 Binibequer, Illes Balears<\/p>\r\n<\/li>\r\n<li class=\"\" data-start=\"548\" data-end=\"594\">\r\n<p class=\"\" data-start=\"550\" data-end=\"594\"><strong data-start=\"550\" data-end=\"559\">Correo electr\u00f3nico<\/strong>: tastingmenorca@gmail.com<\/p>\r\n<\/li>\r\n<li class=\"\" data-start=\"595\" data-end=\"631\">\r\n<p class=\"\" data-start=\"597\" data-end=\"631\"><strong data-start=\"597\" data-end=\"606\">Tel\u00e9fono<\/strong>: <a href=\"tel:+34646 67 25 03\">(+34) 646 67 25 03<\/a><\/p>\r\n<\/li>\r\n<\/ul>\r\n<hr class=\"\" data-start=\"695\" data-end=\"698\" \/>\r\n<h3 class=\"\" data-start=\"700\" data-end=\"733\"><strong data-start=\"704\" data-end=\"733\">2. Finalidad del sitio web<\/strong><\/h3>\r\n<p class=\"\" data-start=\"735\" data-end=\"936\">El prop\u00f3sito del sitio web <strong data-start=\"762\" data-end=\"780\"><a class=\"\" href=\"https:\/\/paseo60.es\/es\/\" target=\"_new\" rel=\"noopener\" data-start=\"764\" data-end=\"778\">www.paseo60.es<\/a><\/strong> Es proporcionar informaci\u00f3n sobre nuestro restaurante, incluidos men\u00fas, horarios de apertura y ubicaci\u00f3n, y facilitar pedidos de comida en l\u00ednea y servicios de comida para llevar.<\/p>\r\n<hr class=\"\" data-start=\"938\" data-end=\"941\" \/>\r\n<h3 class=\"\" data-start=\"943\" data-end=\"966\"><strong data-start=\"947\" data-end=\"966\">3. Condiciones de uso<\/strong><\/h3>\r\n<p class=\"\" data-start=\"968\" data-end=\"1218\">Al acceder y utilizar este sitio web, usted se compromete a utilizarlo conforme a la ley, la buena fe y el orden p\u00fablico. Se compromete a no utilizar el sitio web con fines il\u00edcitos ni de ninguna manera que pueda perjudicar o interferir con el normal funcionamiento del sitio.<\/p>\r\n<hr class=\"\" data-start=\"1220\" data-end=\"1223\" \/>\r\n<h3 class=\"\" data-start=\"1225\" data-end=\"1272\"><strong data-start=\"1229\" data-end=\"1272\">4. Propiedad intelectual e industrial<\/strong><\/h3>\r\n<p class=\"\" data-start=\"1274\" data-end=\"1669\">Todo el contenido de este sitio web, incluyendo, entre otros, textos, fotograf\u00edas, logotipos, iconos, im\u00e1genes, dise\u00f1o, c\u00f3digo fuente y software, es propiedad de Paseo60 o est\u00e1 licenciado a nosotros. Est\u00e1 protegido por la legislaci\u00f3n aplicable en materia de propiedad intelectual e industrial. Los usuarios solo pueden utilizar el contenido con fines personales y no comerciales. Cualquier otro uso requiere la autorizaci\u00f3n previa por escrito de Paseo60.<\/p>\r\n<hr class=\"\" data-start=\"1671\" data-end=\"1674\" \/>\r\n<h3 class=\"\" data-start=\"1676\" data-end=\"1701\"><strong data-start=\"1680\" data-end=\"1701\">5. Responsabilidad<\/strong><\/h3>\r\n<p class=\"\" data-start=\"1703\" data-end=\"1887\">Paseo60 no es responsable de ning\u00fan da\u00f1o o p\u00e9rdida que pudiera surgir debido al uso de este sitio web, incluidos errores u omisiones en el contenido o falta de disponibilidad del sitio web.<\/p>\r\n<p class=\"\" data-start=\"1889\" data-end=\"2004\">Nos reservamos el derecho de actualizar, modificar o eliminar la informaci\u00f3n de este sitio web en cualquier momento sin previo aviso.<\/p>\r\n<hr class=\"\" data-start=\"2006\" data-end=\"2009\" \/>\r\n<h3 class=\"\" data-start=\"2011\" data-end=\"2044\"><strong data-start=\"2015\" data-end=\"2044\">6. Enlaces a terceros<\/strong><\/h3>\r\n<p class=\"\" data-start=\"2046\" data-end=\"2298\">Este sitio web puede contener enlaces a sitios web de terceros. Paseo60 no tiene control sobre el contenido ni las pr\u00e1cticas de estos sitios web y no asume ninguna responsabilidad por ellos. La inclusi\u00f3n de dichos enlaces no implica ninguna asociaci\u00f3n ni respaldo por parte de Paseo60.<\/p>\r\n<hr class=\"\" data-start=\"2300\" data-end=\"2303\" \/>\r\n<h3 class=\"\" data-start=\"2305\" data-end=\"2347\"><strong data-start=\"2309\" data-end=\"2347\">7. Ley aplicable y jurisdicci\u00f3n<\/strong><\/h3>\r\n<p class=\"\" data-start=\"2349\" data-end=\"2559\">El presente Aviso Legal se regir\u00e1 e interpretar\u00e1 de conformidad con la legislaci\u00f3n espa\u00f1ola. Cualquier controversia derivada del uso de este sitio web se someter\u00e1 a la jurisdicci\u00f3n de los tribunales de Menorca, Espa\u00f1a.<\/p>\r\n<hr class=\"\" data-start=\"2561\" data-end=\"2564\" \/>\r\n<h3 class=\"\" data-start=\"2566\" data-end=\"2584\"><strong data-start=\"2570\" data-end=\"2584\">8. Contacto<\/strong><\/h3>\r\n<p class=\"\" data-start=\"2895\" data-end=\"2981\">Si tiene alguna pregunta respecto a este aviso legal, por favor p\u00f3ngase en contacto con nosotros en:<\/p>\r\n<ul data-start=\"2983\" data-end=\"3072\">\r\n<li class=\"\" data-start=\"2983\" data-end=\"3020\">\r\n<p class=\"\" data-start=\"2985\" data-end=\"3020\"><strong data-start=\"2985\" data-end=\"2994\">Correo electr\u00f3nico<\/strong>: tastingmenorca@gmail.com<\/p>\r\n<\/li>\r\n<li class=\"\" data-start=\"3021\" data-end=\"3072\">\r\n<p class=\"\" data-start=\"3023\" data-end=\"3072\"><strong data-start=\"3023\" data-end=\"3034\">DIRECCI\u00d3N<\/strong>: Passeig Mar\u00edtim Binib\u00e8quer Vel, 60, 07711 Binibequer, Illes Balears<\/p>\r\n<\/li>\r\n<\/ul>","protected":false},"excerpt":{"rendered":"<p>Aviso Legal 1. Titular del Sitio Web De conformidad con lo dispuesto [...]<\/p>","protected":false},"author":2,"featured_media":0,"parent":0,"menu_order":0,"comment_status":"closed","ping_status":"open","template":"","meta":{"_monsterinsights_skip_tracking":false,"_monsterinsights_sitenote_active":false,"_monsterinsights_sitenote_note":"","_monsterinsights_sitenote_category":0,"footnotes":""},"class_list":["post-646","page","type-page","status-publish","hentry"],"_links":{"self":[{"href":"https:\/\/paseo60.es\/es\/wp-json\/wp\/v2\/pages\/646","targetHints":{"allow":["GET"]}}],"collection":[{"href":"https:\/\/paseo60.es\/es\/wp-json\/wp\/v2\/pages"}],"about":[{"href":"https:\/\/paseo60.es\/es\/wp-json\/wp\/v2\/types\/page"}],"author":[{"embeddable":true,"href":"https:\/\/paseo60.es\/es\/wp-json\/wp\/v2\/users\/2"}],"replies":[{"embeddable":true,"href":"https:\/\/paseo60.es\/es\/wp-json\/wp\/v2\/comments?post=646"}],"version-history":[{"count":2,"href":"https:\/\/paseo60.es\/es\/wp-json\/wp\/v2\/pages\/646\/revisions"}],"predecessor-version":[{"id":648,"href":"https:\/\/paseo60.es\/es\/wp-json\/wp\/v2\/pages\/646\/revisions\/648"}],"wp:attachment":[{"href":"https:\/\/paseo60.es\/es\/wp-json\/wp\/v2\/media?parent=646"}],"curies":[{"name":"gracias","href":"https:\/\/api.w.org\/{rel}","templated":true}]}}