{"id":3,"date":"2023-04-04T13:40:57","date_gmt":"2023-04-04T12:40:57","guid":{"rendered":"https:\/\/freelancecreative.solutions\/demo\/ristorante\/?page_id=3"},"modified":"2025-05-13T16:44:19","modified_gmt":"2025-05-13T16:44:19","slug":"privacy-policy","status":"publish","type":"page","link":"https:\/\/paseo60.es\/es\/privacy-policy\/","title":{"rendered":"pol\u00edtica de privacidad"},"content":{"rendered":"<h3 class=\"wp-block-heading\" data-start=\"171\" data-end=\"197\"><strong data-start=\"171\" data-end=\"197\">Pol\u00edtica de privacidad de Paseo60<\/strong><\/h3>\r\n<p class=\"\" data-start=\"199\" data-end=\"231\"><strong data-start=\"199\" data-end=\"231\">Fecha de entrada en vigor: 1 de mayo de 2025<\/strong><\/p>\r\n<p class=\"\" data-start=\"233\" data-end=\"461\">En Paseo60, valoramos su privacidad y nos comprometemos a proteger sus datos personales. Esta pol\u00edtica explica c\u00f3mo recopilamos, usamos y protegemos su informaci\u00f3n, especialmente cuando realiza pedidos en l\u00ednea o utiliza nuestros servicios de comida para llevar.<\/p>\r\n<hr class=\"\" data-start=\"463\" data-end=\"466\" \/>\r\n<h3>1. Informaci\u00f3n que recopilamos<\/h3>\r\n<h3>a) Informaci\u00f3n que usted proporciona<\/h3>\r\n<p class=\"\" data-start=\"532\" data-end=\"608\">Cuando realiza un pedido en l\u00ednea, reserva una mesa o se comunica con nosotros, podemos recopilar:<\/p>\r\n<ul data-start=\"610\" data-end=\"875\">\r\n<li class=\"\" data-start=\"610\" data-end=\"623\">\r\n<p class=\"\" data-start=\"612\" data-end=\"623\">Nombre completo<\/p>\r\n<\/li>\r\n<li class=\"\" data-start=\"624\" data-end=\"641\">\r\n<p class=\"\" data-start=\"626\" data-end=\"641\">Direcci\u00f3n de correo electr\u00f3nico<\/p>\r\n<\/li>\r\n<li class=\"\" data-start=\"642\" data-end=\"658\">\r\n<p class=\"\" data-start=\"644\" data-end=\"658\">N\u00famero de tel\u00e9fono<\/p>\r\n<\/li>\r\n<li class=\"\" data-start=\"659\" data-end=\"695\">\r\n<p class=\"\" data-start=\"661\" data-end=\"695\">Direcci\u00f3n de entrega (si corresponde)<\/p>\r\n<\/li>\r\n<li class=\"\" data-start=\"696\" data-end=\"765\">\r\n<p class=\"\" data-start=\"698\" data-end=\"765\">Detalles del pedido, incluidas preferencias alimentarias o restricciones diet\u00e9ticas.<\/p>\r\n<\/li>\r\n<li class=\"\" data-start=\"766\" data-end=\"875\">\r\n<p class=\"\" data-start=\"768\" data-end=\"875\">Informaci\u00f3n de pago (procesada de forma segura por nuestros proveedores de servicios de pago; no almacenamos los datos de su tarjeta)<\/p>\r\n<\/li>\r\n<\/ul>\r\n<h3 data-start=\"877\" data-end=\"920\">b) Informaci\u00f3n recopilada autom\u00e1ticamente<\/h3>\r\n<p class=\"\" data-start=\"922\" data-end=\"1007\">Cuando navega por nuestro sitio web o utiliza nuestros servicios en l\u00ednea, podemos recopilar autom\u00e1ticamente:<\/p>\r\n<ul data-start=\"1009\" data-end=\"1168\">\r\n<li class=\"\" data-start=\"1009\" data-end=\"1023\">\r\n<p class=\"\" data-start=\"1011\" data-end=\"1023\">Direcci\u00f3n IP<\/p>\r\n<\/li>\r\n<li class=\"\" data-start=\"1024\" data-end=\"1061\">\r\n<p class=\"\" data-start=\"1026\" data-end=\"1061\">Tipo de navegador y sistema operativo<\/p>\r\n<\/li>\r\n<li class=\"\" data-start=\"1062\" data-end=\"1084\">\r\n<p class=\"\" data-start=\"1064\" data-end=\"1084\">Informaci\u00f3n del dispositivo<\/p>\r\n<\/li>\r\n<li class=\"\" data-start=\"1085\" data-end=\"1128\">\r\n<p class=\"\" data-start=\"1087\" data-end=\"1128\">Datos de ubicaci\u00f3n (si has dado tu consentimiento)<\/p>\r\n<\/li>\r\n<li class=\"\" data-start=\"1129\" data-end=\"1168\">\r\n<p class=\"\" data-start=\"1131\" data-end=\"1168\">Datos de cookies y tecnolog\u00edas similares<\/p>\r\n<\/li>\r\n<\/ul>\r\n<hr class=\"\" data-start=\"1170\" data-end=\"1173\" \/>\r\n<h3 class=\"\" data-start=\"1175\" data-end=\"1209\">2. C\u00f3mo usamos su informaci\u00f3n<\/h3>\r\n<p class=\"\" data-start=\"1211\" data-end=\"1238\">Utilizamos su informaci\u00f3n para:<\/p>\r\n<ul data-start=\"1240\" data-end=\"1498\">\r\n<li class=\"\" data-start=\"1240\" data-end=\"1291\">\r\n<p class=\"\" data-start=\"1242\" data-end=\"1291\">Procesar y gestionar sus pedidos y reservas<\/p>\r\n<\/li>\r\n<li class=\"\" data-start=\"1292\" data-end=\"1344\">\r\n<p class=\"\" data-start=\"1294\" data-end=\"1344\">Comunicarnos con usted acerca de su pedido o reserva<\/p>\r\n<\/li>\r\n<li class=\"\" data-start=\"1345\" data-end=\"1389\">\r\n<p class=\"\" data-start=\"1347\" data-end=\"1389\">Mejorar nuestros servicios y la experiencia del usuario<\/p>\r\n<\/li>\r\n<li class=\"\" data-start=\"1390\" data-end=\"1451\">\r\n<p class=\"\" data-start=\"1392\" data-end=\"1451\">Enviar comunicaciones promocionales (solo si has optado por ello)<\/p>\r\n<\/li>\r\n<li class=\"\" data-start=\"1452\" data-end=\"1498\">\r\n<p class=\"\" data-start=\"1454\" data-end=\"1498\">Cumplir con las obligaciones legales y reglamentarias<\/p>\r\n<\/li>\r\n<\/ul>\r\n<hr class=\"\" data-start=\"1500\" data-end=\"1503\" \/>\r\n<h3 class=\"\" data-start=\"1505\" data-end=\"1536\">3. Compartir su informaci\u00f3n<\/h3>\r\n<p class=\"\" data-start=\"1538\" data-end=\"1573\">Podemos compartir su informaci\u00f3n con:<\/p>\r\n<ul data-start=\"1575\" data-end=\"1811\">\r\n<li class=\"\" data-start=\"1575\" data-end=\"1628\">\r\n<p class=\"\" data-start=\"1577\" data-end=\"1628\">Proveedores de servicios de pago para procesar transacciones<\/p>\r\n<\/li>\r\n<li class=\"\" data-start=\"1629\" data-end=\"1700\">\r\n<p class=\"\" data-start=\"1631\" data-end=\"1700\">Plataformas de entrega o terceros seg\u00fan sea necesario para cumplir con su pedido<\/p>\r\n<\/li>\r\n<li class=\"\" data-start=\"1701\" data-end=\"1770\">\r\n<p class=\"\" data-start=\"1703\" data-end=\"1770\">Proveedores de tecnolog\u00eda que nos ayudan a operar nuestro sitio web y nuestros servicios<\/p>\r\n<\/li>\r\n<li class=\"\" data-start=\"1771\" data-end=\"1811\">\r\n<p class=\"\" data-start=\"1773\" data-end=\"1811\">Autoridades legales cuando lo requiera la ley<\/p>\r\n<\/li>\r\n<\/ul>\r\n<p class=\"\" data-start=\"1813\" data-end=\"1902\">No vendemos ni alquilamos su informaci\u00f3n personal a terceros con fines de marketing.<\/p>\r\n<hr class=\"\" data-start=\"1904\" data-end=\"1907\" \/>\r\n<h3 class=\"\" data-start=\"1909\" data-end=\"1930\">4. Retenci\u00f3n de datos<\/h3>\r\n<p class=\"\" data-start=\"1932\" data-end=\"2091\">Conservamos sus datos personales solo durante el tiempo que sea necesario para cumplir con los fines para los que los recopilamos, incluidos los requisitos legales, contables o de informes.<\/p>\r\n<hr class=\"\" data-start=\"2093\" data-end=\"2096\" \/>\r\n<h3 class=\"\" data-start=\"2098\" data-end=\"2116\">5. Sus derechos<\/h3>\r\n<p class=\"\" data-start=\"2118\" data-end=\"2193\">Seg\u00fan el Reglamento General de Protecci\u00f3n de Datos (RGPD), usted tiene derecho a:<\/p>\r\n<ul data-start=\"2195\" data-end=\"2390\">\r\n<li class=\"\" data-start=\"2195\" data-end=\"2224\">\r\n<p class=\"\" data-start=\"2197\" data-end=\"2224\">Acceda a sus datos personales<\/p>\r\n<\/li>\r\n<li class=\"\" data-start=\"2225\" data-end=\"2266\">\r\n<p class=\"\" data-start=\"2227\" data-end=\"2266\">Corregir datos inexactos o incompletos<\/p>\r\n<\/li>\r\n<li class=\"\" data-start=\"2267\" data-end=\"2309\">\r\n<p class=\"\" data-start=\"2269\" data-end=\"2309\">Solicitar la eliminaci\u00f3n de sus datos personales<\/p>\r\n<\/li>\r\n<li class=\"\" data-start=\"2310\" data-end=\"2363\">\r\n<p class=\"\" data-start=\"2312\" data-end=\"2363\">Restringir u oponerse al tratamiento de sus datos<\/p>\r\n<\/li>\r\n<li class=\"\" data-start=\"2364\" data-end=\"2390\">\r\n<p class=\"\" data-start=\"2366\" data-end=\"2390\">Solicitar portabilidad de datos<\/p>\r\n<\/li>\r\n<\/ul>\r\n<p class=\"\" data-start=\"2392\" data-end=\"2470\">Para ejercer cualquiera de estos derechos, por favor, cont\u00e1ctenos a trav\u00e9s de tastingmenorca@gmail.com.<\/p>\r\n<hr class=\"\" data-start=\"2472\" data-end=\"2475\" \/>\r\n<h3 class=\"\" data-start=\"2477\" data-end=\"2497\">6. Seguridad de los datos<\/h3>\r\n<p class=\"\" data-start=\"2499\" data-end=\"2660\">Implementamos medidas t\u00e9cnicas y organizativas apropiadas para proteger sus datos personales contra acceso, alteraci\u00f3n, divulgaci\u00f3n o destrucci\u00f3n no autorizados.<\/p>\r\n<hr class=\"\" data-start=\"2662\" data-end=\"2665\" \/>\r\n<h3 class=\"\" data-start=\"2667\" data-end=\"2696\">7. Cambios a esta Pol\u00edtica<\/h3>\r\n<p class=\"\" data-start=\"2698\" data-end=\"2869\">Podemos actualizar esta pol\u00edtica de privacidad peri\u00f3dicamente. Cualquier cambio significativo se publicar\u00e1 en nuestro sitio web y la &quot;Fecha de entrada en vigor&quot; en la parte superior se actualizar\u00e1 seg\u00fan corresponda.<\/p>\r\n<hr class=\"\" data-start=\"2871\" data-end=\"2874\" \/>\r\n<h3 class=\"\" data-start=\"2876\" data-end=\"2893\">8. Cont\u00e1ctenos<\/h3>\r\n<p class=\"\" data-start=\"2895\" data-end=\"2981\">Si tiene alguna pregunta o inquietud sobre esta pol\u00edtica de privacidad, cont\u00e1ctenos a:<\/p>\r\n<ul data-start=\"2983\" data-end=\"3072\">\r\n<li class=\"\" data-start=\"2983\" data-end=\"3020\">\r\n<p class=\"\" data-start=\"2985\" data-end=\"3020\"><strong data-start=\"2985\" data-end=\"2994\">Correo electr\u00f3nico<\/strong>: tastingmenorca@gmail.com<\/p>\r\n<\/li>\r\n<li class=\"\" data-start=\"3021\" data-end=\"3072\">\r\n<p class=\"\" data-start=\"3023\" data-end=\"3072\"><strong data-start=\"3023\" data-end=\"3034\">DIRECCI\u00d3N<\/strong>: Passeig Mar\u00edtim Binib\u00e8quer Vel, 60, 07711 Binibequer, Illes Balears<\/p>\r\n<\/li>\r\n<\/ul>","protected":false},"excerpt":{"rendered":"<p>Paseo60 Privacy Policy Effective date: May 1, 2025 At Paseo60,  [...]<\/p>","protected":false},"author":1,"featured_media":0,"parent":0,"menu_order":0,"comment_status":"closed","ping_status":"open","template":"","meta":{"_monsterinsights_skip_tracking":false,"_monsterinsights_sitenote_active":false,"_monsterinsights_sitenote_note":"","_monsterinsights_sitenote_category":0,"footnotes":""},"class_list":["post-3","page","type-page","status-publish","hentry"],"_links":{"self":[{"href":"https:\/\/paseo60.es\/es\/wp-json\/wp\/v2\/pages\/3","targetHints":{"allow":["GET"]}}],"collection":[{"href":"https:\/\/paseo60.es\/es\/wp-json\/wp\/v2\/pages"}],"about":[{"href":"https:\/\/paseo60.es\/es\/wp-json\/wp\/v2\/types\/page"}],"author":[{"embeddable":true,"href":"https:\/\/paseo60.es\/es\/wp-json\/wp\/v2\/users\/1"}],"replies":[{"embeddable":true,"href":"https:\/\/paseo60.es\/es\/wp-json\/wp\/v2\/comments?post=3"}],"version-history":[{"count":9,"href":"https:\/\/paseo60.es\/es\/wp-json\/wp\/v2\/pages\/3\/revisions"}],"predecessor-version":[{"id":645,"href":"https:\/\/paseo60.es\/es\/wp-json\/wp\/v2\/pages\/3\/revisions\/645"}],"wp:attachment":[{"href":"https:\/\/paseo60.es\/es\/wp-json\/wp\/v2\/media?parent=3"}],"curies":[{"name":"gracias","href":"https:\/\/api.w.org\/{rel}","templated":true}]}}