{"id":646,"date":"2025-05-13T16:50:49","date_gmt":"2025-05-13T16:50:49","guid":{"rendered":"https:\/\/paseo60.es\/?page_id=646"},"modified":"2025-05-13T16:50:49","modified_gmt":"2025-05-13T16:50:49","slug":"legal-notice","status":"publish","type":"page","link":"https:\/\/paseo60.es\/de\/legal-notice\/","title":{"rendered":"Rechtliche Hinweise"},"content":{"rendered":"<h2 class=\"wp-block-heading\" data-start=\"239\" data-end=\"258\"><strong data-start=\"242\" data-end=\"258\">Rechtliche Hinweise<\/strong><\/h2>\r\n<h3 class=\"\" data-start=\"260\" data-end=\"284\"><strong data-start=\"264\" data-end=\"284\">1. Websiteinhaber<\/strong><\/h3>\r\n<p class=\"\" data-start=\"286\" data-end=\"451\">Gem\u00e4\u00df den Bestimmungen des Gesetzes 34\/2002 \u00fcber Dienste der Informationsgesellschaft und elektronischen Handel (LSSI-CE) werden die Benutzer dar\u00fcber informiert, dass diese Website Eigentum von:<\/p>\r\n<ul data-start=\"453\" data-end=\"693\">\r\n<li class=\"\" data-start=\"453\" data-end=\"483\">\r\n<p class=\"\" data-start=\"455\" data-end=\"483\"><strong data-start=\"455\" data-end=\"472\">Firmenname<\/strong>: Paseo60<\/p>\r\n<\/li>\r\n<li class=\"\" data-start=\"484\" data-end=\"547\">\r\n<p class=\"\" data-start=\"486\" data-end=\"547\"><strong data-start=\"486\" data-end=\"508\">Registrierte Adresse<\/strong>: Passeig Mar\u00edtim Binib\u00e8quer Vel, 60, 07711 Binibequer, Illes Balears<\/p>\r\n<\/li>\r\n<li class=\"\" data-start=\"548\" data-end=\"594\">\r\n<p class=\"\" data-start=\"550\" data-end=\"594\"><strong data-start=\"550\" data-end=\"559\">Email<\/strong>: tastingmenorca@gmail.com<\/p>\r\n<\/li>\r\n<li class=\"\" data-start=\"595\" data-end=\"631\">\r\n<p class=\"\" data-start=\"597\" data-end=\"631\"><strong data-start=\"597\" data-end=\"606\">Telefon<\/strong>: <a href=\"tel:+34646 67 25 03\">(+34) 646 67 25 03<\/a><\/p>\r\n<\/li>\r\n<\/ul>\r\n<hr class=\"\" data-start=\"695\" data-end=\"698\" \/>\r\n<h3 class=\"\" data-start=\"700\" data-end=\"733\"><strong data-start=\"704\" data-end=\"733\">2. Zweck der Website<\/strong><\/h3>\r\n<p class=\"\" data-start=\"735\" data-end=\"936\">Der Zweck der Website <strong data-start=\"762\" data-end=\"780\"><a class=\"\" href=\"https:\/\/paseo60.es\/de\/\" target=\"_new\" rel=\"noopener\" data-start=\"764\" data-end=\"778\">www.paseo60.es<\/a><\/strong> besteht darin, Informationen \u00fcber unser Restaurant bereitzustellen, einschlie\u00dflich Men\u00fcs, \u00d6ffnungszeiten und Standort, und die Online-Bestellung von Speisen und den Abholservice zu erm\u00f6glichen.<\/p>\r\n<hr class=\"\" data-start=\"938\" data-end=\"941\" \/>\r\n<h3 class=\"\" data-start=\"943\" data-end=\"966\"><strong data-start=\"947\" data-end=\"966\">3. Nutzungsbedingungen<\/strong><\/h3>\r\n<p class=\"\" data-start=\"968\" data-end=\"1218\">Durch den Zugriff auf diese Website und ihre Nutzung erkl\u00e4ren Sie sich damit einverstanden, diese gem\u00e4\u00df den gesetzlichen Bestimmungen, Treu und Glauben sowie der \u00f6ffentlichen Ordnung zu nutzen. Sie verpflichten sich, die Website nicht f\u00fcr illegale Zwecke oder in einer Weise zu nutzen, die den normalen Betrieb der Website beeintr\u00e4chtigen oder st\u00f6ren k\u00f6nnte.<\/p>\r\n<hr class=\"\" data-start=\"1220\" data-end=\"1223\" \/>\r\n<h3 class=\"\" data-start=\"1225\" data-end=\"1272\"><strong data-start=\"1229\" data-end=\"1272\">4. Geistiges und gewerbliches Eigentum<\/strong><\/h3>\r\n<p class=\"\" data-start=\"1274\" data-end=\"1669\">Alle Inhalte dieser Website, einschlie\u00dflich, aber nicht beschr\u00e4nkt auf Texte, Fotos, Logos, Symbole, Bilder, Design, Quellcode und Software, sind Eigentum von Paseo60 oder an uns lizenziert. Sie sind durch geltende Gesetze zum Schutz geistigen und gewerblichen Eigentums gesch\u00fctzt. Nutzer d\u00fcrfen die Inhalte ausschlie\u00dflich f\u00fcr pers\u00f6nliche, nicht-kommerzielle Zwecke verwenden. Jede andere Verwendung bedarf der vorherigen schriftlichen Zustimmung von Paseo60.<\/p>\r\n<hr class=\"\" data-start=\"1671\" data-end=\"1674\" \/>\r\n<h3 class=\"\" data-start=\"1676\" data-end=\"1701\"><strong data-start=\"1680\" data-end=\"1701\">5. Verantwortung<\/strong><\/h3>\r\n<p class=\"\" data-start=\"1703\" data-end=\"1887\">Paseo60 ist nicht verantwortlich f\u00fcr Sch\u00e4den oder Verluste, die durch die Nutzung dieser Website entstehen k\u00f6nnen, einschlie\u00dflich Fehlern oder Auslassungen im Inhalt oder mangelnder Verf\u00fcgbarkeit der Website.<\/p>\r\n<p class=\"\" data-start=\"1889\" data-end=\"2004\">Wir behalten uns das Recht vor, die Informationen auf dieser Website jederzeit und ohne vorherige Ank\u00fcndigung zu aktualisieren, zu \u00e4ndern oder zu l\u00f6schen.<\/p>\r\n<hr class=\"\" data-start=\"2006\" data-end=\"2009\" \/>\r\n<h3 class=\"\" data-start=\"2011\" data-end=\"2044\"><strong data-start=\"2015\" data-end=\"2044\">6. Links zu Drittanbietern<\/strong><\/h3>\r\n<p class=\"\" data-start=\"2046\" data-end=\"2298\">Diese Website kann Links zu Websites Dritter enthalten. Paseo60 hat keinen Einfluss auf den Inhalt oder die Praktiken dieser Websites und \u00fcbernimmt daf\u00fcr keine Verantwortung. Die Bereitstellung solcher Links stellt keine Verbindung oder Billigung durch Paseo60 dar.<\/p>\r\n<hr class=\"\" data-start=\"2300\" data-end=\"2303\" \/>\r\n<h3 class=\"\" data-start=\"2305\" data-end=\"2347\"><strong data-start=\"2309\" data-end=\"2347\">7. Geltendes Recht und Gerichtsstand<\/strong><\/h3>\r\n<p class=\"\" data-start=\"2349\" data-end=\"2559\">Dieser rechtliche Hinweis unterliegt spanischem Recht und ist entsprechend auszulegen. F\u00fcr alle Streitigkeiten, die sich aus der Nutzung dieser Website ergeben, sind die Gerichte von Menorca, Spanien, zust\u00e4ndig.<\/p>\r\n<hr class=\"\" data-start=\"2561\" data-end=\"2564\" \/>\r\n<h3 class=\"\" data-start=\"2566\" data-end=\"2584\"><strong data-start=\"2570\" data-end=\"2584\">8. Kontakt<\/strong><\/h3>\r\n<p class=\"\" data-start=\"2895\" data-end=\"2981\">Wenn Sie Fragen zu diesem rechtlichen Hinweis haben, kontaktieren Sie uns bitte unter:<\/p>\r\n<ul data-start=\"2983\" data-end=\"3072\">\r\n<li class=\"\" data-start=\"2983\" data-end=\"3020\">\r\n<p class=\"\" data-start=\"2985\" data-end=\"3020\"><strong data-start=\"2985\" data-end=\"2994\">Email<\/strong>: tastingmenorca@gmail.com<\/p>\r\n<\/li>\r\n<li class=\"\" data-start=\"3021\" data-end=\"3072\">\r\n<p class=\"\" data-start=\"3023\" data-end=\"3072\"><strong data-start=\"3023\" data-end=\"3034\">Adresse<\/strong>: Passeig Mar\u00edtim Binib\u00e8quer Vel, 60, 07711 Binibequer, Illes Balears<\/p>\r\n<\/li>\r\n<\/ul>","protected":false},"excerpt":{"rendered":"<p>Legal Notice 1. Website Owner In accordance with the provisions  [...]<\/p>","protected":false},"author":2,"featured_media":0,"parent":0,"menu_order":0,"comment_status":"closed","ping_status":"open","template":"","meta":{"_monsterinsights_skip_tracking":false,"_monsterinsights_sitenote_active":false,"_monsterinsights_sitenote_note":"","_monsterinsights_sitenote_category":0,"footnotes":""},"class_list":["post-646","page","type-page","status-publish","hentry"],"_links":{"self":[{"href":"https:\/\/paseo60.es\/de\/wp-json\/wp\/v2\/pages\/646","targetHints":{"allow":["GET"]}}],"collection":[{"href":"https:\/\/paseo60.es\/de\/wp-json\/wp\/v2\/pages"}],"about":[{"href":"https:\/\/paseo60.es\/de\/wp-json\/wp\/v2\/types\/page"}],"author":[{"embeddable":true,"href":"https:\/\/paseo60.es\/de\/wp-json\/wp\/v2\/users\/2"}],"replies":[{"embeddable":true,"href":"https:\/\/paseo60.es\/de\/wp-json\/wp\/v2\/comments?post=646"}],"version-history":[{"count":2,"href":"https:\/\/paseo60.es\/de\/wp-json\/wp\/v2\/pages\/646\/revisions"}],"predecessor-version":[{"id":648,"href":"https:\/\/paseo60.es\/de\/wp-json\/wp\/v2\/pages\/646\/revisions\/648"}],"wp:attachment":[{"href":"https:\/\/paseo60.es\/de\/wp-json\/wp\/v2\/media?parent=646"}],"curies":[{"name":"wp","href":"https:\/\/api.w.org\/{rel}","templated":true}]}}