{"id":3,"date":"2023-04-04T13:40:57","date_gmt":"2023-04-04T12:40:57","guid":{"rendered":"https:\/\/freelancecreative.solutions\/demo\/ristorante\/?page_id=3"},"modified":"2025-05-13T16:44:19","modified_gmt":"2025-05-13T16:44:19","slug":"privacy-policy","status":"publish","type":"page","link":"https:\/\/paseo60.es\/de\/privacy-policy\/","title":{"rendered":"Datenschutzrichtlinie"},"content":{"rendered":"<h3 class=\"wp-block-heading\" data-start=\"171\" data-end=\"197\"><strong data-start=\"171\" data-end=\"197\">Paseo60 Datenschutzrichtlinie<\/strong><\/h3>\r\n<p class=\"\" data-start=\"199\" data-end=\"231\"><strong data-start=\"199\" data-end=\"231\">Datum des Inkrafttretens: 1. Mai 2025<\/strong><\/p>\r\n<p class=\"\" data-start=\"233\" data-end=\"461\">Bei Paseo60 legen wir Wert auf Ihre Privatsph\u00e4re und verpflichten uns zum Schutz Ihrer personenbezogenen Daten. Diese Richtlinie erl\u00e4utert, wie wir Ihre Daten erheben, verwenden und sch\u00fctzen \u2013 insbesondere, wenn Sie online bestellen oder unseren Lieferservice nutzen.<\/p>\r\n<hr class=\"\" data-start=\"463\" data-end=\"466\" \/>\r\n<h3>1. Von uns erfasste Informationen<\/h3>\r\n<h3>a) Von Ihnen bereitgestellte Informationen<\/h3>\r\n<p class=\"\" data-start=\"532\" data-end=\"608\">Wenn Sie eine Online-Bestellung aufgeben, einen Tisch reservieren oder uns kontaktieren, erfassen wir m\u00f6glicherweise:<\/p>\r\n<ul data-start=\"610\" data-end=\"875\">\r\n<li class=\"\" data-start=\"610\" data-end=\"623\">\r\n<p class=\"\" data-start=\"612\" data-end=\"623\">Vollst\u00e4ndiger Name<\/p>\r\n<\/li>\r\n<li class=\"\" data-start=\"624\" data-end=\"641\">\r\n<p class=\"\" data-start=\"626\" data-end=\"641\">E-Mail-Adresse<\/p>\r\n<\/li>\r\n<li class=\"\" data-start=\"642\" data-end=\"658\">\r\n<p class=\"\" data-start=\"644\" data-end=\"658\">Telefonnummer<\/p>\r\n<\/li>\r\n<li class=\"\" data-start=\"659\" data-end=\"695\">\r\n<p class=\"\" data-start=\"661\" data-end=\"695\">Lieferadresse (falls zutreffend)<\/p>\r\n<\/li>\r\n<li class=\"\" data-start=\"696\" data-end=\"765\">\r\n<p class=\"\" data-start=\"698\" data-end=\"765\">Bestelldetails, einschlie\u00dflich Essenspr\u00e4ferenzen oder di\u00e4tetischen Einschr\u00e4nkungen<\/p>\r\n<\/li>\r\n<li class=\"\" data-start=\"766\" data-end=\"875\">\r\n<p class=\"\" data-start=\"768\" data-end=\"875\">Zahlungsinformationen (sicher verarbeitet durch unsere Zahlungsdienstleister \u2013 wir speichern Ihre Kartendaten nicht)<\/p>\r\n<\/li>\r\n<\/ul>\r\n<h3 data-start=\"877\" data-end=\"920\">b) Automatisch erfasste Informationen<\/h3>\r\n<p class=\"\" data-start=\"922\" data-end=\"1007\">Wenn Sie auf unserer Website surfen oder unsere Online-Dienste nutzen, erfassen wir m\u00f6glicherweise automatisch:<\/p>\r\n<ul data-start=\"1009\" data-end=\"1168\">\r\n<li class=\"\" data-start=\"1009\" data-end=\"1023\">\r\n<p class=\"\" data-start=\"1011\" data-end=\"1023\">IP-Adresse<\/p>\r\n<\/li>\r\n<li class=\"\" data-start=\"1024\" data-end=\"1061\">\r\n<p class=\"\" data-start=\"1026\" data-end=\"1061\">Browsertyp und Betriebssystem<\/p>\r\n<\/li>\r\n<li class=\"\" data-start=\"1062\" data-end=\"1084\">\r\n<p class=\"\" data-start=\"1064\" data-end=\"1084\">Ger\u00e4teinformationen<\/p>\r\n<\/li>\r\n<li class=\"\" data-start=\"1085\" data-end=\"1128\">\r\n<p class=\"\" data-start=\"1087\" data-end=\"1128\">Standortdaten (sofern Sie eingewilligt haben)<\/p>\r\n<\/li>\r\n<li class=\"\" data-start=\"1129\" data-end=\"1168\">\r\n<p class=\"\" data-start=\"1131\" data-end=\"1168\">Cookies und \u00e4hnliche Technologien<\/p>\r\n<\/li>\r\n<\/ul>\r\n<hr class=\"\" data-start=\"1170\" data-end=\"1173\" \/>\r\n<h3 class=\"\" data-start=\"1175\" data-end=\"1209\">2. Wie wir Ihre Daten verwenden<\/h3>\r\n<p class=\"\" data-start=\"1211\" data-end=\"1238\">Wir verwenden Ihre Informationen, um:<\/p>\r\n<ul data-start=\"1240\" data-end=\"1498\">\r\n<li class=\"\" data-start=\"1240\" data-end=\"1291\">\r\n<p class=\"\" data-start=\"1242\" data-end=\"1291\">Bearbeiten und verwalten Sie Ihre Bestellungen und Reservierungen<\/p>\r\n<\/li>\r\n<li class=\"\" data-start=\"1292\" data-end=\"1344\">\r\n<p class=\"\" data-start=\"1294\" data-end=\"1344\">Mit Ihnen \u00fcber Ihre Bestellung oder Buchung zu kommunizieren<\/p>\r\n<\/li>\r\n<li class=\"\" data-start=\"1345\" data-end=\"1389\">\r\n<p class=\"\" data-start=\"1347\" data-end=\"1389\">Verbesserung unserer Dienste und Benutzererfahrung<\/p>\r\n<\/li>\r\n<li class=\"\" data-start=\"1390\" data-end=\"1451\">\r\n<p class=\"\" data-start=\"1392\" data-end=\"1451\">Senden Sie Werbemitteilungen (nur wenn Sie sich daf\u00fcr entschieden haben)<\/p>\r\n<\/li>\r\n<li class=\"\" data-start=\"1452\" data-end=\"1498\">\r\n<p class=\"\" data-start=\"1454\" data-end=\"1498\">Einhaltung gesetzlicher und regulatorischer Verpflichtungen<\/p>\r\n<\/li>\r\n<\/ul>\r\n<hr class=\"\" data-start=\"1500\" data-end=\"1503\" \/>\r\n<h3 class=\"\" data-start=\"1505\" data-end=\"1536\">3. Weitergabe Ihrer Daten<\/h3>\r\n<p class=\"\" data-start=\"1538\" data-end=\"1573\">Wir k\u00f6nnen Ihre Informationen weitergeben an:<\/p>\r\n<ul data-start=\"1575\" data-end=\"1811\">\r\n<li class=\"\" data-start=\"1575\" data-end=\"1628\">\r\n<p class=\"\" data-start=\"1577\" data-end=\"1628\">Zahlungsdienstleister zur Abwicklung von Transaktionen<\/p>\r\n<\/li>\r\n<li class=\"\" data-start=\"1629\" data-end=\"1700\">\r\n<p class=\"\" data-start=\"1631\" data-end=\"1700\">Lieferplattformen oder Drittanbieter, soweit dies zur Erf\u00fcllung Ihrer Bestellung erforderlich ist<\/p>\r\n<\/li>\r\n<li class=\"\" data-start=\"1701\" data-end=\"1770\">\r\n<p class=\"\" data-start=\"1703\" data-end=\"1770\">Technologieanbieter, die uns beim Betrieb unserer Website und Dienste unterst\u00fctzen<\/p>\r\n<\/li>\r\n<li class=\"\" data-start=\"1771\" data-end=\"1811\">\r\n<p class=\"\" data-start=\"1773\" data-end=\"1811\">Rechtsbeh\u00f6rden, wenn dies gesetzlich vorgeschrieben ist<\/p>\r\n<\/li>\r\n<\/ul>\r\n<p class=\"\" data-start=\"1813\" data-end=\"1902\">Wir verkaufen oder vermieten Ihre personenbezogenen Daten nicht zu Marketingzwecken an Dritte.<\/p>\r\n<hr class=\"\" data-start=\"1904\" data-end=\"1907\" \/>\r\n<h3 class=\"\" data-start=\"1909\" data-end=\"1930\">4. Datenspeicherung<\/h3>\r\n<p class=\"\" data-start=\"1932\" data-end=\"2091\">Wir bewahren Ihre personenbezogenen Daten nur so lange auf, wie es zur Erf\u00fcllung der Zwecke, f\u00fcr die wir sie erhoben haben, erforderlich ist, einschlie\u00dflich rechtlicher, buchhalterischer oder Berichtspflichten.<\/p>\r\n<hr class=\"\" data-start=\"2093\" data-end=\"2096\" \/>\r\n<h3 class=\"\" data-start=\"2098\" data-end=\"2116\">5. Ihre Rechte<\/h3>\r\n<p class=\"\" data-start=\"2118\" data-end=\"2193\">Gem\u00e4\u00df der Datenschutz-Grundverordnung (DSGVO) haben Sie das Recht:<\/p>\r\n<ul data-start=\"2195\" data-end=\"2390\">\r\n<li class=\"\" data-start=\"2195\" data-end=\"2224\">\r\n<p class=\"\" data-start=\"2197\" data-end=\"2224\">Zugriff auf Ihre pers\u00f6nlichen Daten<\/p>\r\n<\/li>\r\n<li class=\"\" data-start=\"2225\" data-end=\"2266\">\r\n<p class=\"\" data-start=\"2227\" data-end=\"2266\">Korrigieren unrichtiger oder unvollst\u00e4ndiger Daten<\/p>\r\n<\/li>\r\n<li class=\"\" data-start=\"2267\" data-end=\"2309\">\r\n<p class=\"\" data-start=\"2269\" data-end=\"2309\">Fordern Sie die L\u00f6schung Ihrer pers\u00f6nlichen Daten an<\/p>\r\n<\/li>\r\n<li class=\"\" data-start=\"2310\" data-end=\"2363\">\r\n<p class=\"\" data-start=\"2312\" data-end=\"2363\">Einschr\u00e4nkung oder Widerspruch gegen die Verarbeitung Ihrer Daten<\/p>\r\n<\/li>\r\n<li class=\"\" data-start=\"2364\" data-end=\"2390\">\r\n<p class=\"\" data-start=\"2366\" data-end=\"2390\">Daten\u00fcbertragbarkeit beantragen<\/p>\r\n<\/li>\r\n<\/ul>\r\n<p class=\"\" data-start=\"2392\" data-end=\"2470\">Um eines dieser Rechte auszu\u00fcben, kontaktieren Sie uns bitte \u00fcber tastingmenorca@gmail.com.<\/p>\r\n<hr class=\"\" data-start=\"2472\" data-end=\"2475\" \/>\r\n<h3 class=\"\" data-start=\"2477\" data-end=\"2497\">6. Datensicherheit<\/h3>\r\n<p class=\"\" data-start=\"2499\" data-end=\"2660\">Wir ergreifen geeignete technische und organisatorische Ma\u00dfnahmen, um Ihre personenbezogenen Daten vor unbefugtem Zugriff, Ver\u00e4nderung, Offenlegung oder Zerst\u00f6rung zu sch\u00fctzen.<\/p>\r\n<hr class=\"\" data-start=\"2662\" data-end=\"2665\" \/>\r\n<h3 class=\"\" data-start=\"2667\" data-end=\"2696\">7. \u00c4nderungen dieser Richtlinie<\/h3>\r\n<p class=\"\" data-start=\"2698\" data-end=\"2869\">Wir behalten uns das Recht vor, diese Datenschutzrichtlinie von Zeit zu Zeit zu aktualisieren. Wesentliche \u00c4nderungen werden auf unserer Website ver\u00f6ffentlicht und das oben angezeigte \u201eDatum des Inkrafttretens\u201c entsprechend aktualisiert.<\/p>\r\n<hr class=\"\" data-start=\"2871\" data-end=\"2874\" \/>\r\n<h3 class=\"\" data-start=\"2876\" data-end=\"2893\">8. Kontakt<\/h3>\r\n<p class=\"\" data-start=\"2895\" data-end=\"2981\">Wenn Sie Fragen oder Bedenken zu dieser Datenschutzrichtlinie haben, kontaktieren Sie uns bitte unter:<\/p>\r\n<ul data-start=\"2983\" data-end=\"3072\">\r\n<li class=\"\" data-start=\"2983\" data-end=\"3020\">\r\n<p class=\"\" data-start=\"2985\" data-end=\"3020\"><strong data-start=\"2985\" data-end=\"2994\">Email<\/strong>: tastingmenorca@gmail.com<\/p>\r\n<\/li>\r\n<li class=\"\" data-start=\"3021\" data-end=\"3072\">\r\n<p class=\"\" data-start=\"3023\" data-end=\"3072\"><strong data-start=\"3023\" data-end=\"3034\">Adresse<\/strong>: Passeig Mar\u00edtim Binib\u00e8quer Vel, 60, 07711 Binibequer, Illes Balears<\/p>\r\n<\/li>\r\n<\/ul>","protected":false},"excerpt":{"rendered":"<p>Paseo60 Privacy Policy Effective date: May 1, 2025 At Paseo60,  [...]<\/p>","protected":false},"author":1,"featured_media":0,"parent":0,"menu_order":0,"comment_status":"closed","ping_status":"open","template":"","meta":{"_monsterinsights_skip_tracking":false,"_monsterinsights_sitenote_active":false,"_monsterinsights_sitenote_note":"","_monsterinsights_sitenote_category":0,"footnotes":""},"class_list":["post-3","page","type-page","status-publish","hentry"],"_links":{"self":[{"href":"https:\/\/paseo60.es\/de\/wp-json\/wp\/v2\/pages\/3","targetHints":{"allow":["GET"]}}],"collection":[{"href":"https:\/\/paseo60.es\/de\/wp-json\/wp\/v2\/pages"}],"about":[{"href":"https:\/\/paseo60.es\/de\/wp-json\/wp\/v2\/types\/page"}],"author":[{"embeddable":true,"href":"https:\/\/paseo60.es\/de\/wp-json\/wp\/v2\/users\/1"}],"replies":[{"embeddable":true,"href":"https:\/\/paseo60.es\/de\/wp-json\/wp\/v2\/comments?post=3"}],"version-history":[{"count":9,"href":"https:\/\/paseo60.es\/de\/wp-json\/wp\/v2\/pages\/3\/revisions"}],"predecessor-version":[{"id":645,"href":"https:\/\/paseo60.es\/de\/wp-json\/wp\/v2\/pages\/3\/revisions\/645"}],"wp:attachment":[{"href":"https:\/\/paseo60.es\/de\/wp-json\/wp\/v2\/media?parent=3"}],"curies":[{"name":"wp","href":"https:\/\/api.w.org\/{rel}","templated":true}]}}