{"id":209,"date":"2023-04-06T12:38:04","date_gmt":"2023-04-06T11:38:04","guid":{"rendered":"https:\/\/freelancecreative.solutions\/demo\/ristorante\/?page_id=209"},"modified":"2025-10-13T11:45:41","modified_gmt":"2025-10-13T09:45:41","slug":"book-online","status":"publish","type":"page","link":"https:\/\/paseo60.es\/de\/book-online\/","title":{"rendered":"Buche online"},"content":{"rendered":"<p><div class=\"fusion-fullwidth fullwidth-box fusion-builder-row-1 fusion-flex-container has-pattern-background has-mask-background nonhundred-percent-fullwidth non-hundred-percent-height-scrolling\" style=\"--awb-border-radius-top-left:0px;--awb-border-radius-top-right:0px;--awb-border-radius-bottom-right:0px;--awb-border-radius-bottom-left:0px;--awb-flex-wrap:wrap;\" ><div class=\"fusion-builder-row fusion-row fusion-flex-align-items-flex-start fusion-flex-content-wrap\" style=\"max-width:1248px;margin-left: calc(-4% \/ 2 );margin-right: calc(-4% \/ 2 );\"><div class=\"fusion-layout-column fusion_builder_column fusion-builder-column-0 fusion_builder_column_2_3 2_3 fusion-flex-column\" style=\"--awb-bg-size:cover;--awb-width-large:66.666666666667%;--awb-margin-top-large:0px;--awb-spacing-right-large:2.88%;--awb-margin-bottom-large:20px;--awb-spacing-left-large:2.88%;--awb-width-medium:66.666666666667%;--awb-order-medium:0;--awb-spacing-right-medium:2.88%;--awb-spacing-left-medium:2.88%;--awb-width-small:100%;--awb-order-small:0;--awb-spacing-right-small:1.92%;--awb-spacing-left-small:1.92%;\"><div class=\"fusion-column-wrapper fusion-column-has-shadow fusion-flex-justify-content-flex-start fusion-content-layout-column\"><div class=\"fusion-title title fusion-title-1 fusion-sep-none fusion-title-text fusion-title-size-two\"><h2 class=\"fusion-title-heading title-heading-left\" style=\"margin:0;\">Eine Reservierung machen<\/h2><\/div><div class=\"fusion-text fusion-text-1\"><h3 style=\"text-align: center;\"><strong data-start=\"673\" data-end=\"698\">Saisonal geschlossen<\/strong><\/h3>\n<div class=\"fusion-text fusion-text-1\">\n<p style=\"text-align: center;\"><strong>Danke f\u00fcr die Erinnerungen!<\/strong><\/p>\n<p style=\"text-align: center;\"><strong>\ud83c\udf79 Paseo60 wird 2026 wiederer\u00f6ffnet \u2013 wir sehen uns dann f\u00fcr mehr Sonnenschein, Cocktails und gute Zeiten.<\/strong> \ud83c\udf79<\/p>\n<\/div>\n<\/div><div class=\"fusion-text fusion-text-2\"><div class=\"fusion-text fusion-text-1\">\n<p>Verwenden Sie das untenstehende Formular, um die Verf\u00fcgbarkeit zu pr\u00fcfen und eine Reservierung vorzunehmen. W\u00e4hlen Sie das Datum Ihres Besuchs, eine Uhrzeit und die Anzahl der G\u00e4ste in Ihrer Gruppe aus.<\/p>\n<\/div>\n<p>Hinweis: Samstags und sonntags haben wir geschlossen.<\/p>\n<p>Bei Problemen rufen Sie uns bitte an unter <a href=\"tel:+34646672503\">+34 646 67 25 03. <\/a>Wir freuen uns, Sie im Paseo 60 begr\u00fc\u00dfen zu d\u00fcrfen.<\/p>\n<\/div><\/div><\/div><div class=\"fusion-layout-column fusion_builder_column fusion-builder-column-1 fusion_builder_column_1_3 1_3 fusion-flex-column fusion-flex-align-self-center\" style=\"--awb-padding-top:20px;--awb-padding-right:20px;--awb-padding-bottom:20px;--awb-padding-left:20px;--awb-bg-color:rgba(148,199,208,0.15);--awb-bg-color-hover:rgba(148,199,208,0.15);--awb-bg-size:cover;--awb-width-large:33.333333333333%;--awb-margin-top-large:0px;--awb-spacing-right-large:5.76%;--awb-margin-bottom-large:20px;--awb-spacing-left-large:5.76%;--awb-width-medium:33.333333333333%;--awb-order-medium:0;--awb-spacing-right-medium:5.76%;--awb-spacing-left-medium:5.76%;--awb-width-small:100%;--awb-order-small:0;--awb-spacing-right-small:1.92%;--awb-spacing-left-small:1.92%;\" data-scroll-devices=\"small-visibility,medium-visibility,large-visibility\"><div class=\"fusion-column-wrapper fusion-column-has-shadow fusion-flex-justify-content-flex-start fusion-content-layout-column\"><div class=\"fusion-text fusion-text-3\"><p><strong>\u00d6FFNUNGSZEITEN<\/strong><\/p>\n<p>Mittag- und Abendessen<\/p>\n<p>Montag - Freitag: 10.00 \u2013 18.00 Uhr<\/p>\n<p><strong>Samstag und Sonntag \u2013 GESCHLOSSEN<\/strong><\/p>\n<\/div><\/div><\/div><\/div><\/div><div class=\"fusion-fullwidth fullwidth-box fusion-builder-row-2 fusion-flex-container has-pattern-background has-mask-background nonhundred-percent-fullwidth non-hundred-percent-height-scrolling\" style=\"--awb-border-radius-top-left:0px;--awb-border-radius-top-right:0px;--awb-border-radius-bottom-right:0px;--awb-border-radius-bottom-left:0px;--awb-flex-wrap:wrap;\" ><div class=\"fusion-builder-row fusion-row fusion-flex-align-items-flex-start fusion-flex-content-wrap\" style=\"max-width:1248px;margin-left: calc(-4% \/ 2 );margin-right: calc(-4% \/ 2 );\"><div class=\"fusion-layout-column fusion_builder_column fusion-builder-column-2 fusion_builder_column_1_1 1_1 fusion-flex-column\" style=\"--awb-bg-size:cover;--awb-width-large:100%;--awb-margin-top-large:0px;--awb-spacing-right-large:1.92%;--awb-margin-bottom-large:20px;--awb-spacing-left-large:1.92%;--awb-width-medium:100%;--awb-order-medium:0;--awb-spacing-right-medium:1.92%;--awb-spacing-left-medium:1.92%;--awb-width-small:100%;--awb-order-small:0;--awb-spacing-right-small:1.92%;--awb-spacing-left-small:1.92%;\"><div class=\"fusion-column-wrapper fusion-column-has-shadow fusion-flex-justify-content-flex-start fusion-content-layout-column\">\n<div class=\"wrap plugin-container vikrestaurants-page-restaurants\">\n\n\t\n\t\n\t\n<div class=\"vikrestaurants-start-body\">\n\t<!--\n\t\tThis tag is simply used to understand where the\n\t\tbody of VikRestaurants starts.\n\t-->\n<\/div>\n\n<!-- step one -->\n\n<div class=\"vrstepbardiv\">\n\n\t<!-- STEP ONE -->\n\n\t\t\t<div class=\"vrstep vrstepactive step-current\">\n\t\t\t<div class=\"vrstep-inner\">\n\t\t\t\t<span class=\"vrsteptitle\">1<\/span>\n\t\t\t\t<span class=\"vrstepsubtitle\">Datum (und Uhrzeit<\/span>\n\t\t\t<\/div>\n\t\t<\/div>\n\t\t\n\t<!-- STEP TWO -->\n\n\t\t\t<div class=\"vrstep\">\n\t\t\t<div class=\"vrstep-inner\">\n\t\t\t\t<span class=\"vrsteptitle\">2<\/span>\n\t\t\t\t<span class=\"vrstepsubtitle\">Tische Verf\u00fcgbarkeit<\/span>\n\t\t\t<\/div>\n\t\t<\/div>\n\t\t\n\t<!-- STEP THREE -->\n\n\t\t\t<div class=\"vrstep\">\n\t\t\t<div class=\"vrstep-inner\">\n\t\t\t\t<span class=\"vrsteptitle\">3<\/span>\n\t\t\t\t<span class=\"vrstepsubtitle\">Reservierung best\u00e4tigen<\/span>\n\t\t\t<\/div>\n\t\t<\/div>\n\t\t\n<\/div>\n<!-- reservation form -->\n\n<div class=\"vrreservationform\" id=\"vrsearchform\" >\n\n\t<form action=\"https:\/\/paseo60.es\/de\/book-online\/?option=com_vikrestaurants&#038;view=search\" method=\"post\" data-trp-original-action=\"https:\/\/paseo60.es\/de\/book-online\/?option=com_vikrestaurants&amp;view=search\">\n\t\t\n\t\t<fieldset class=\"vrformfieldset\">\n\t\t\t<legend>Eine Reservierung machen<\/legend>\n\n\t\t\t<div class=\"vrsearchinputdiv\">\n\t\t\t\t<label class=\"vrsearchinputlabel\" for=\"vrcalendar\">\n\t\t\t\t\tDatum\t\t\t\t<\/label>\n\t\t\t\t\n\t\t\t\t<div class=\"vrsearchentryinput vre-calendar-wrapper\">\n\t\t\t\t\t<input class=\"vrsearchdate vre-calendar\" type=\"text\" value=\"19\/04\/2026\" id=\"vrcalendar\" name=\"date\" size=\"20\" \/>\n\t\t\t\t<\/div>\n\t\t\t<\/div>\n\n\t\t\t<div class=\"vrsearchinputdiv\">\n\t\t\t\t<label class=\"vrsearchinputlabel\" for=\"vrhour\">\n\t\t\t\t\tZeit\t\t\t\t<\/label>\n\n\t\t\t\t<div class=\"vrsearchentryselect vre-select-wrapper\">\n\t\t\t\t\t<select id=\"vrhour\" name=\"hourmin\" class=\"vre-select\">\n<\/select>\n\t\t\t\t<\/div>\n\t\t\t<\/div>\n\n\t\t\t<div class=\"vrsearchinputdiv\">\n\t\t\t\t<label class=\"vrsearchinputlabel\" for=\"vrpeople\">\n\t\t\t\t\tMenschen\t\t\t\t<\/label>\n\n\t\t\t\t<div class=\"vrsearchentryselectsmall vre-select-wrapper\">\n\t\t\t\t\t<select  id=\"vrpeople\" class=\"vre-select\" name=\"people\"><option value=\"1\">1 Person<\/option>\n<option value=\"2\" selected=\"selected\">2 Leute<\/option>\n<option value=\"3\">3 Menschen<\/option>\n<option value=\"4\">4 Leute<\/option>\n<option value=\"-1\">- MEHR -<\/option>\n<\/select>\t\t\t\t<\/div>\n\t\t\t<\/div>\n\n\t\t\t<div class=\"vrsearchinputdiv\">\n\t\t\t\t\n\t\t\t\t<button type=\"submit\" class=\"vre-btn primary big\" id=\"vre-find-table-btn\">\n\t\t\t\t\tTisch finden\t\t\t\t<\/button>\n\t\t\t<\/div>\n\t\t\t\n\t\t\t<input type=\"hidden\" name=\"option\" value=\"com_vikrestaurants\" \/>\n\t\t\t<input type=\"hidden\" name=\"view\" value=\"search\" \/>\n\t\t<\/fieldset>\n\n\t<input type=\"hidden\" name=\"trp-form-language\" value=\"de\"\/><\/form>\n\n<\/div>\n\n<script>\n\t(function($) {\n\t\t'use strict';\n\n\t\t$(function() {\n\t\t\t$('#vrcalendar:input').on('change', () => {\n\t\t\t\t\/\/ auto-refresh times on date change\n\t\t\t\tvrUpdateWorkingShifts('#vrcalendar', '#vrhour');\n\t\t\t});\n\t\t});\n\t})(jQuery);\n<\/script>\n<\/div>\n<\/div><\/div><\/div><\/div><\/p>","protected":false},"excerpt":{"rendered":"","protected":false},"author":1,"featured_media":0,"parent":0,"menu_order":0,"comment_status":"closed","ping_status":"closed","template":"100-width.php","meta":{"_monsterinsights_skip_tracking":false,"_monsterinsights_sitenote_active":false,"_monsterinsights_sitenote_note":"","_monsterinsights_sitenote_category":0,"footnotes":""},"class_list":["post-209","page","type-page","status-publish","hentry"],"_links":{"self":[{"href":"https:\/\/paseo60.es\/de\/wp-json\/wp\/v2\/pages\/209","targetHints":{"allow":["GET"]}}],"collection":[{"href":"https:\/\/paseo60.es\/de\/wp-json\/wp\/v2\/pages"}],"about":[{"href":"https:\/\/paseo60.es\/de\/wp-json\/wp\/v2\/types\/page"}],"author":[{"embeddable":true,"href":"https:\/\/paseo60.es\/de\/wp-json\/wp\/v2\/users\/1"}],"replies":[{"embeddable":true,"href":"https:\/\/paseo60.es\/de\/wp-json\/wp\/v2\/comments?post=209"}],"version-history":[{"count":30,"href":"https:\/\/paseo60.es\/de\/wp-json\/wp\/v2\/pages\/209\/revisions"}],"predecessor-version":[{"id":763,"href":"https:\/\/paseo60.es\/de\/wp-json\/wp\/v2\/pages\/209\/revisions\/763"}],"wp:attachment":[{"href":"https:\/\/paseo60.es\/de\/wp-json\/wp\/v2\/media?parent=209"}],"curies":[{"name":"wp","href":"https:\/\/api.w.org\/{rel}","templated":true}]}}